{"id":461,"date":"2018-03-07T13:10:19","date_gmt":"2018-03-07T13:10:19","guid":{"rendered":"http:\/\/anwalt.mikado-themes.com\/?page_id=461"},"modified":"2022-12-06T09:22:22","modified_gmt":"2022-12-06T09:22:22","slug":"law-office","status":"publish","type":"page","link":"https:\/\/www.fedaisarimustafa.com.tr\/en\/","title":{"rendered":"Fedai &#038; Sar\u0131mustafa"},"content":{"rendered":"<div class=\"vc_row wpb_row vc_row-fluid\" ><div class=\"wpb_column vc_column_container vc_col-sm-12\"><div class=\"vc_column-inner\"><div class=\"wpb_wrapper\"><div class=\"wpb_revslider_element wpb_content_element\">\n\t\t\t<!-- START Home02 REVOLUTION SLIDER 6.2.23 --><p class=\"rs-p-wp-fix\"><\/p>\n\t\t\t<rs-module-wrap id=\"rev_slider_2_1_wrapper\" data-source=\"gallery\" style=\"background:transparent;padding:0;margin:0px auto;margin-top:0;margin-bottom:0;\">\n\t\t\t\t<rs-module id=\"rev_slider_2_1\" style=\"\" data-version=\"6.2.23\">\n\t\t\t\t\t<rs-slides>\n\t\t\t\t\t\t<rs-slide data-key=\"rs-4\" data-title=\"Slide\" data-thumb=\"\/\/www.fedaisarimustafa.com.tr\/wp-content\/uploads\/2018\/03\/h2-slider1-background-img-100x50.jpg\" data-anim=\"ei:d;eo:d;s:d;r:0;t:fade;sl:d;\" data-firstanim=\"t:fade;s:300;sl:7;\">\n\t\t\t\t\t\t\t<img decoding=\"async\" src=\"\/\/www.fedaisarimustafa.com.tr\/wp-content\/uploads\/2018\/03\/h2-slider1-background-img.jpg\" title=\"Fedai &#038; Sar\u0131mustafa\" data-parallax=\"8\" data-panzoom=\"d:8000;ss:100;se:110;\" class=\"rev-slidebg\" data-no-retina>\n<!--\n\t\t\t\t\t\t\t--><rs-layer\n\t\t\t\t\t\t\t\tid=\"slider-2-slide-4-layer-1\" \n\t\t\t\t\t\t\t\tdata-type=\"text\"\n\t\t\t\t\t\t\t\tdata-rsp_ch=\"on\"\n\t\t\t\t\t\t\t\tdata-xy=\"x:c;xo:1px,0,0,0;y:m;yo:0,-64px,1px,-113px;\"\n\t\t\t\t\t\t\t\tdata-text=\"w:normal,nowrap,normal,normal;s:50,70,60,45;l:45,90,70,55;a:center,inherit,center,center;\"\n\t\t\t\t\t\t\t\tdata-dim=\"w:1065px,auto,773px,298px;h:auto,auto,188px,auto;\"\n\t\t\t\t\t\t\t\tdata-frame_0=\"y:21px;\"\n\t\t\t\t\t\t\t\tdata-frame_1=\"e:circ.out;st:710;sp:1200;sR:710;\"\n\t\t\t\t\t\t\t\tdata-frame_999=\"o:0;e:nothing;st:w;sR:2090;\"\n\t\t\t\t\t\t\t\tstyle=\"z-index:6;font-family:Lustria;\"\n\t\t\t\t\t\t\t>QUALITY, SOLUTION-ORIENTED AND DYNAMIC LEGAL SERVICES \n\t\t\t\t\t\t\t<\/rs-layer><!--\n-->\t\t\t\t\t\t<\/rs-slide>\n\t\t\t\t\t\t<rs-slide data-key=\"rs-5\" data-title=\"Slide\" data-thumb=\"\/\/www.fedaisarimustafa.com.tr\/wp-content\/uploads\/2018\/03\/h2-slider2-background-img-100x50.jpg\" data-anim=\"ei:d;eo:d;s:d;r:0;t:fade;sl:d;\">\n\t\t\t\t\t\t\t<img decoding=\"async\" src=\"\/\/www.fedaisarimustafa.com.tr\/wp-content\/uploads\/2018\/03\/h2-slider2-background-img.jpg\" title=\"Fedai &#038; Sar\u0131mustafa\" data-bg=\"p:right top;\" data-parallax=\"8\" data-panzoom=\"d:8000;ss:100;se:110;\" class=\"rev-slidebg\" data-no-retina>\n<!--\n\t\t\t\t\t\t\t--><rs-layer\n\t\t\t\t\t\t\t\tid=\"slider-2-slide-5-layer-2\" \n\t\t\t\t\t\t\t\tdata-type=\"text\"\n\t\t\t\t\t\t\t\tdata-rsp_ch=\"on\"\n\t\t\t\t\t\t\t\tdata-xy=\"x:c;xo:1px,0,0,0;y:m;yo:-32px,-64px,1px,-113px;\"\n\t\t\t\t\t\t\t\tdata-text=\"w:normal,nowrap,normal,normal;s:43,70,60,45;l:59,90,70,55;a:center,inherit,center,center;\"\n\t\t\t\t\t\t\t\tdata-dim=\"w:1211,auto,721px,298px;h:126,auto,184px,auto;\"\n\t\t\t\t\t\t\t\tdata-frame_0=\"y:27px;\"\n\t\t\t\t\t\t\t\tdata-frame_1=\"e:circ.out;st:710;sp:1200;sR:710;\"\n\t\t\t\t\t\t\t\tdata-frame_999=\"o:0;e:nothing;st:w;sR:2090;\"\n\t\t\t\t\t\t\t\tstyle=\"z-index:8;font-family:Lustria;\"\n\t\t\t\t\t\t\t>EXPERT ASSISTANCE IN SPECIFIC AREAS OF LAW SUCH AS SPORTS\nLAW,PERSONAL DATA PROTECTION LAW, IT LAW, TRADEMARK &amp; PATENT\nLAW<br \/>\n \n\t\t\t\t\t\t\t<\/rs-layer><!--\n-->\t\t\t\t\t\t<\/rs-slide>\n\t\t\t\t\t\t<rs-slide data-key=\"rs-6\" data-title=\"Slide\" data-thumb=\"\/\/www.fedaisarimustafa.com.tr\/wp-content\/uploads\/2018\/03\/h2-slider3-background-img-100x50.jpg\" data-anim=\"ei:d;eo:d;s:d;r:0;t:fade;sl:d;\">\n\t\t\t\t\t\t\t<img decoding=\"async\" src=\"\/\/www.fedaisarimustafa.com.tr\/wp-content\/uploads\/2018\/03\/h2-slider3-background-img.jpg\" title=\"Fedai &#038; Sar\u0131mustafa\" data-bg=\"p:left bottom;\" data-parallax=\"8\" data-panzoom=\"d:9000;ss:100;se:110;\" class=\"rev-slidebg\" data-no-retina>\n<!--\n\t\t\t\t\t\t\t--><rs-layer\n\t\t\t\t\t\t\t\tid=\"slider-2-slide-6-layer-2\" \n\t\t\t\t\t\t\t\tdata-type=\"text\"\n\t\t\t\t\t\t\t\tdata-rsp_ch=\"on\"\n\t\t\t\t\t\t\t\tdata-xy=\"x:c;y:m;yo:2px,-64px,1px,-113px;\"\n\t\t\t\t\t\t\t\tdata-text=\"w:normal,nowrap,normal,normal;s:41,70,60,45;l:56,90,70,55;a:center,inherit,center,center;\"\n\t\t\t\t\t\t\t\tdata-dim=\"w:1168px,auto,753px,298px;h:auto,auto,186px,auto;\"\n\t\t\t\t\t\t\t\tdata-frame_0=\"y:26px;\"\n\t\t\t\t\t\t\t\tdata-frame_1=\"e:circ.out;st:710;sp:1200;sR:710;\"\n\t\t\t\t\t\t\t\tdata-frame_999=\"o:0;e:nothing;st:w;sR:2090;\"\n\t\t\t\t\t\t\t\tstyle=\"z-index:6;font-family:Lustria;\"\n\t\t\t\t\t\t\t>CONSULTING SERVICES TO COMPANIES, INSTITUTIONS AND SPORTS CLUBS<br \/>\n \n\t\t\t\t\t\t\t<\/rs-layer><!--\n-->\t\t\t\t\t\t<\/rs-slide>\n\t\t\t\t\t\t<rs-slide data-key=\"rs-9\" data-title=\"Slide\" data-thumb=\"\/\/www.fedaisarimustafa.com.tr\/wp-content\/uploads\/2018\/03\/h2-slider1-background-img-100x50.jpg\" data-anim=\"ei:d;eo:d;s:d;r:0;t:fade;sl:d;\">\n\t\t\t\t\t\t\t<img decoding=\"async\" src=\"\/\/www.fedaisarimustafa.com.tr\/wp-content\/uploads\/2018\/03\/h2-slider1-background-img.jpg\" title=\"Fedai &#038; Sar\u0131mustafa\" data-parallax=\"8\" data-panzoom=\"d:8000;ss:100;se:110;\" class=\"rev-slidebg\" data-no-retina>\n<!--\n\t\t\t\t\t\t\t--><rs-layer\n\t\t\t\t\t\t\t\tid=\"slider-2-slide-9-layer-1\" \n\t\t\t\t\t\t\t\tdata-type=\"text\"\n\t\t\t\t\t\t\t\tdata-rsp_ch=\"on\"\n\t\t\t\t\t\t\t\tdata-xy=\"x:c;y:m;yo:1px,-64px,1px,-113px;\"\n\t\t\t\t\t\t\t\tdata-text=\"w:normal,nowrap,normal,normal;s:45,70,60,45;l:50,90,70,55;a:center,inherit,center,center;\"\n\t\t\t\t\t\t\t\tdata-dim=\"w:1235,auto,773px,298px;h:133,auto,188px,auto;\"\n\t\t\t\t\t\t\t\tdata-frame_0=\"y:19px;\"\n\t\t\t\t\t\t\t\tdata-frame_1=\"e:circ.out;st:710;sp:1200;sR:710;\"\n\t\t\t\t\t\t\t\tdata-frame_999=\"o:0;e:nothing;st:w;sR:2090;\"\n\t\t\t\t\t\t\t\tstyle=\"z-index:6;font-family:Lustria;\"\n\t\t\t\t\t\t\t>LEGAL SUPPORT WITH OUR NATIONAL AND INTERNATIONAL CONNECTIONS,\nDOMESTIC AND ABROAD<br \/>\nYURTDI\u015eINDA HUKUK\u0130 DESTEK \n\t\t\t\t\t\t\t<\/rs-layer><!--\n-->\t\t\t\t\t\t<\/rs-slide>\n\t\t\t\t\t<\/rs-slides>\n\t\t\t\t<\/rs-module>\n\t\t\t\t<script type=\"text\/javascript\">\n\t\t\t\t\tsetREVStartSize({c: 'rev_slider_2_1',rl:[1240,1024,778,480],el:[680,440,550,450],gw:[1300,1100,600,300],gh:[680,440,550,450],type:'standard',justify:'',layout:'fullwidth',mh:\"0\"});\n\t\t\t\t\tvar\trevapi2,\n\t\t\t\t\t\ttpj;\n\t\t\t\t\tfunction revinit_revslider21() {\n\t\t\t\t\tjQuery(function() {\n\t\t\t\t\t\ttpj = jQuery;\n\t\t\t\t\t\trevapi2 = tpj(\"#rev_slider_2_1\");\n\t\t\t\t\t\tif(revapi2==undefined || revapi2.revolution == undefined){\n\t\t\t\t\t\t\trevslider_showDoubleJqueryError(\"rev_slider_2_1\");\n\t\t\t\t\t\t}else{\n\t\t\t\t\t\t\trevapi2.revolution({\n\t\t\t\t\t\t\t\tsliderLayout:\"fullwidth\",\n\t\t\t\t\t\t\t\tduration:4000,\n\t\t\t\t\t\t\t\tvisibilityLevels:\"1240,1024,778,480\",\n\t\t\t\t\t\t\t\tgridwidth:\"1300,1100,600,300\",\n\t\t\t\t\t\t\t\tgridheight:\"680,440,550,450\",\n\t\t\t\t\t\t\t\tperspective:600,\n\t\t\t\t\t\t\t\tperspectiveType:\"local\",\n\t\t\t\t\t\t\t\teditorheight:\"680,440,550,450\",\n\t\t\t\t\t\t\t\tresponsiveLevels:\"1240,1024,778,480\",\n\t\t\t\t\t\t\t\tprogressBar:{disableProgressBar:true},\n\t\t\t\t\t\t\t\tnavigation: {\n\t\t\t\t\t\t\t\t\tkeyboardNavigation:true,\n\t\t\t\t\t\t\t\t\tmouseScrollNavigation:false,\n\t\t\t\t\t\t\t\t\tonHoverStop:false,\n\t\t\t\t\t\t\t\t\tarrows: {\n\t\t\t\t\t\t\t\t\t\tenable:true,\n\t\t\t\t\t\t\t\t\t\tstyle:\"anwalt-navigation-light\",\n\t\t\t\t\t\t\t\t\t\thide_onmobile:true,\n\t\t\t\t\t\t\t\t\t\thide_under:1025,\n\t\t\t\t\t\t\t\t\t\tleft: {\n\n\t\t\t\t\t\t\t\t\t\t},\n\t\t\t\t\t\t\t\t\t\tright: {\n\n\t\t\t\t\t\t\t\t\t\t}\n\t\t\t\t\t\t\t\t\t},\n\t\t\t\t\t\t\t\t\tbullets: {\n\t\t\t\t\t\t\t\t\t\tenable:true,\n\t\t\t\t\t\t\t\t\t\ttmp:\"\",\n\t\t\t\t\t\t\t\t\t\tstyle:\"anwalt-navigation-light\",\n\t\t\t\t\t\t\t\t\t\thide_over:1024,\n\t\t\t\t\t\t\t\t\t\tspace:15\n\t\t\t\t\t\t\t\t\t}\n\t\t\t\t\t\t\t\t},\n\t\t\t\t\t\t\t\tparallax: {\n\t\t\t\t\t\t\t\t\tlevels:[5,10,15,20,25,30,35,40,45,46,47,48,49,50,51,55],\n\t\t\t\t\t\t\t\t\ttype:\"mouse\"\n\t\t\t\t\t\t\t\t},\n\t\t\t\t\t\t\t\tviewPort: {\n\t\t\t\t\t\t\t\t\tenable:true,\n\t\t\t\t\t\t\t\t\tvisible_area:\"1%\"\n\t\t\t\t\t\t\t\t},\n\t\t\t\t\t\t\t\tfallbacks: {\n\t\t\t\t\t\t\t\t\tallowHTML5AutoPlayOnAndroid:true\n\t\t\t\t\t\t\t\t},\n\t\t\t\t\t\t\t});\n\t\t\t\t\t\t}\n\t\t\t\t\t\t\n\t\t\t\t\t});\n\t\t\t\t\t} \/\/ End of RevInitScript\n\t\t\t\tvar once_revslider21 = false;\n\t\t\t\tif (document.readyState === \"loading\") {document.addEventListener('readystatechange',function() { if((document.readyState === \"interactive\" || document.readyState === \"complete\") && !once_revslider21 ) { once_revslider21 = true; revinit_revslider21();}});} else {once_revslider21 = true; revinit_revslider21();}\n\t\t\t\t<\/script>\n\t\t\t\t<script>\n\t\t\t\t\tvar htmlDivCss = unescape(\"%23rev_slider_2_1_wrapper%20.anwalt-navigation-light.tparrows%20%7B%0A%20%20width%3A%2040px%3B%0A%20%20height%3A%2040px%3B%0A%20%20line-height%3A%2040px%3B%0A%20%20background%3A%20transparent%3B%0A%20%7D%0A%20%23rev_slider_2_1_wrapper%20.anwalt-navigation-light.tparrows%3Abefore%20%7B%0A%20color%3A%20%23fff%3B%0A%20font-size%3A36px%3B%0A%20font-family%3A%20%22linearicons-free%22%3B%0A%20transition%3Aall%200.3s%3B%0A-webkit-transition%3Aall%200.3s%3B%0A%20%7D%0A%20%0A%23rev_slider_2_1_wrapper%20.anwalt-navigation-light.tparrows%3Ahover%3Abefore%20%7B%0A%20%20color%3A%20%23c2aa80%3B%0A%7D%0A%20%20%0A%23rev_slider_2_1_wrapper%20.anwalt-navigation-light.tparrows.tp-leftarrow%3Abefore%7B%0A%20%20content%3A%20%22%5Ce875%22%3B%0A%7D%0A%0A%23rev_slider_2_1_wrapper%20.anwalt-navigation-light.tparrows.tp-rightarrow%3Abefore%7B%0A%20%20content%3A%20%22%5Ce876%22%3B%0A%7D%0A%23rev_slider_2_1_wrapper%20.anwalt-navigation-light%20.tp-bullet%7B%0A%20%20border-radius%3A%2050%25%3B%0A%20%20width%3A%2010px%3B%0A%20%20height%3A%2010px%3B%0A%20%20margin%3A%200%204px%3B%0A%20%20border-radius%3A%203em%3B%0A%20%20background-color%3A%20transparent%3B%0A%20%20border%3A%202px%20solid%20%23fff%3B%0A%20%20box-sizing%3A%20border-box%3B%0A%20%20-webkit-transition%3A%20background-color%20.2s%20ease-out%2Cborder%20.2s%20ease-out%3B%0A%20%20-moz-transition%3A%20background-color%20.2s%20ease-out%2Cborder%20.2s%20ease-out%3B%0A%20%20transition%3A%20background-color%20.2s%20ease-out%2Cborder%20.2s%20ease-out%3B%0A%7D%0A%23rev_slider_2_1_wrapper%20.anwalt-navigation-light%20.tp-bullet.selected%2C%0A%23rev_slider_2_1_wrapper%20.anwalt-navigation-light%20.tp-bullet%3Ahover%20%7B%0A%20%20background-color%3A%20%23fff%3B%0A%7D%0A\");\n\t\t\t\t\tvar htmlDiv = document.getElementById('rs-plugin-settings-inline-css');\n\t\t\t\t\tif(htmlDiv) {\n\t\t\t\t\t\thtmlDiv.innerHTML = htmlDiv.innerHTML + htmlDivCss;\n\t\t\t\t\t}else{\n\t\t\t\t\t\tvar htmlDiv = document.createElement('div');\n\t\t\t\t\t\thtmlDiv.innerHTML = '<style>' + htmlDivCss + '<\/style>';\n\t\t\t\t\t\tdocument.getElementsByTagName('head')[0].appendChild(htmlDiv.childNodes[0]);\n\t\t\t\t\t}\n\t\t\t\t<\/script>\n\t\t\t\t<script>\n\t\t\t\t\tvar htmlDivCss = unescape(\"%0A%0A%0A%0A%0A%0A%0A%0A\");\n\t\t\t\t\tvar htmlDiv = document.getElementById('rs-plugin-settings-inline-css');\n\t\t\t\t\tif(htmlDiv) {\n\t\t\t\t\t\thtmlDiv.innerHTML = htmlDiv.innerHTML + htmlDivCss;\n\t\t\t\t\t}else{\n\t\t\t\t\t\tvar htmlDiv = document.createElement('div');\n\t\t\t\t\t\thtmlDiv.innerHTML = '<style>' + htmlDivCss + '<\/style>';\n\t\t\t\t\t\tdocument.getElementsByTagName('head')[0].appendChild(htmlDiv.childNodes[0]);\n\t\t\t\t\t}\n\t\t\t\t<\/script>\n\t\t\t<\/rs-module-wrap>\n\t\t\t<!-- END REVOLUTION SLIDER -->\n<\/div><\/div><\/div><\/div><\/div><div class=\"mkdf-row-grid-section-wrapper\"  ><div class=\"mkdf-row-grid-section\"><div class=\"vc_row wpb_row vc_row-fluid vc_custom_1522406045702\" ><div class=\"wpb_column vc_column_container vc_col-sm-12 vc_col-lg-offset-2 vc_col-lg-8 vc_col-md-offset-0 vc_col-md-12\"><div class=\"vc_column-inner\"><div class=\"wpb_wrapper\"><div class=\"mkdf-section-title-holder\" style=\"text-align: center\">\n\t<div class=\"mkdf-st-inner\">\n\t\t\t\t\t<h3 class=\"mkdf-st-title\" style=\"color: #ffffff\">\n\t\t\t\tYour Trusted Partners in Legal Matters\t\t\t<\/h3>\n\t\t        <div class=\"mkdf-separator-holder clearfix  mkdf-separator-center mkdf-separator-normal\" >\n\t\t<div class=\"mkdf-separator\" style=\"width: 143px;border-bottom-width: 2px\"><\/div>\n\t<\/div>\n\t\t\t\t\t<h6 class=\"mkdf-st-text\" style=\"color: #aa9166\">\n\t\t\t\tWe produce solutions for all your legal needs with our team specialized in diverse law matters.\t\t\t<\/h6>\n\t\t\t<\/div>\n<\/div><\/div><\/div><\/div><\/div><\/div><\/div><div class=\"mkdf-row-grid-section-wrapper\"  ><div class=\"mkdf-row-grid-section\"><div class=\"vc_row wpb_row vc_row-fluid vc_custom_1664865771465\" ><div class=\"wpb_column vc_column_container vc_col-sm-4 vc_col-lg-3 vc_col-md-6\"><div class=\"vc_column-inner\"><div class=\"wpb_wrapper\"><div class=\"mkdf-team-holder mkdf-team-info-below-image\">\n\t<div class=\"mkdf-team-inner\">\n\t\t\t\t\t<div class=\"mkdf-team-image\">\n                <img loading=\"lazy\" decoding=\"async\" width=\"1600\" height=\"2048\" src=\"https:\/\/www.fedaisarimustafa.com.tr\/wp-content\/uploads\/2022\/11\/WhatsApp-Image-2022-11-18-at-15.29.13.jpeg\" class=\"attachment-full size-full\" alt=\"\" srcset=\"https:\/\/www.fedaisarimustafa.com.tr\/wp-content\/uploads\/2022\/11\/WhatsApp-Image-2022-11-18-at-15.29.13.jpeg 1600w, https:\/\/www.fedaisarimustafa.com.tr\/wp-content\/uploads\/2022\/11\/WhatsApp-Image-2022-11-18-at-15.29.13-234x300.jpeg 234w, https:\/\/www.fedaisarimustafa.com.tr\/wp-content\/uploads\/2022\/11\/WhatsApp-Image-2022-11-18-at-15.29.13-800x1024.jpeg 800w, https:\/\/www.fedaisarimustafa.com.tr\/wp-content\/uploads\/2022\/11\/WhatsApp-Image-2022-11-18-at-15.29.13-768x983.jpeg 768w, https:\/\/www.fedaisarimustafa.com.tr\/wp-content\/uploads\/2022\/11\/WhatsApp-Image-2022-11-18-at-15.29.13-1200x1536.jpeg 1200w\" sizes=\"auto, (max-width: 1600px) 100vw, 1600px\" \/>\t\t\t<\/div>\n\t\t\t\t<div class=\"mkdf-team-info\">\n\t\t\t\t\t\t\t<h5 class=\"mkdf-team-name\" style=\"color: #ffffff\">Utku Fedai<\/h5>\n\t\t\t\t\t\t\t\t\t            <div class=\"mkdf-separator-holder clearfix  mkdf-separator-center\" >\n\t\t<div class=\"mkdf-separator\" style=\"width: 100px\"><\/div>\n\t<\/div>\n\t\t\t\t\t\t\t<div class=\"mkdf-team-social-holder\">\n\t\t\t\t\t\t\t\t\t\t\t<span class=\"mkdf-team-icon\">    <span class=\"mkdf-icon-shortcode mkdf-normal\">\n        <span class=\"mkdf-icon-bckg-holder\"><\/span>\n                    <a class=\"\" href=\"https:\/\/www.facebook.com\/\" target=\"_blank\">\n                    <i class=\"mkdf-icon-ion-icon ion-social-facebook mkdf-icon-element\"><\/i>                            <\/a>\n            <\/span>\n<\/span>\n\t\t\t\t\t\t\t\t\t\t\t<span class=\"mkdf-team-icon\">    <span class=\"mkdf-icon-shortcode mkdf-normal\">\n        <span class=\"mkdf-icon-bckg-holder\"><\/span>\n                    <a class=\"\" href=\"https:\/\/www.instagram.com\/\" target=\"_blank\">\n                    <i class=\"mkdf-icon-ion-icon ion-social-instagram mkdf-icon-element\"><\/i>                            <\/a>\n            <\/span>\n<\/span>\n\t\t\t\t\t\t\t\t\t\t\t<span class=\"mkdf-team-icon\">    <span class=\"mkdf-icon-shortcode mkdf-normal\">\n        <span class=\"mkdf-icon-bckg-holder\"><\/span>\n                    <a class=\"\" href=\"https:\/\/www.linkedin.com\/\" target=\"_blank\">\n                    <i class=\"mkdf-icon-ion-icon ion-social-linkedin mkdf-icon-element\"><\/i>                            <\/a>\n            <\/span>\n<\/span>\n\t\t\t\t\t\t\t\t\t<\/div>\n\t\t\t\t\t<\/div>\n\t<\/div>\n<\/div><div class=\"vc_empty_space\"   style=\"height: 65px\"><span class=\"vc_empty_space_inner\"><\/span><\/div><\/div><\/div><\/div><div class=\"wpb_column vc_column_container vc_col-sm-4\"><div class=\"vc_column-inner\"><div class=\"wpb_wrapper\"><div class=\"vc_empty_space\"   style=\"height: 32px\"><span class=\"vc_empty_space_inner\"><\/span><\/div><div class=\"vc_empty_space\"   style=\"height: 32px\"><span class=\"vc_empty_space_inner\"><\/span><\/div><\/div><\/div><\/div><div class=\"wpb_column vc_column_container vc_col-sm-4 vc_col-lg-3 vc_col-md-6\"><div class=\"vc_column-inner\"><div class=\"wpb_wrapper\"><div class=\"mkdf-team-holder mkdf-team-info-below-image\">\n\t<div class=\"mkdf-team-inner\">\n\t\t\t\t\t<div class=\"mkdf-team-image\">\n                <img loading=\"lazy\" decoding=\"async\" width=\"800\" height=\"1024\" src=\"https:\/\/www.fedaisarimustafa.com.tr\/wp-content\/uploads\/2022\/11\/WhatsApp-Image-2022-11-18-at-15.29.13-1.jpeg\" class=\"attachment-full size-full\" alt=\"\" srcset=\"https:\/\/www.fedaisarimustafa.com.tr\/wp-content\/uploads\/2022\/11\/WhatsApp-Image-2022-11-18-at-15.29.13-1.jpeg 800w, https:\/\/www.fedaisarimustafa.com.tr\/wp-content\/uploads\/2022\/11\/WhatsApp-Image-2022-11-18-at-15.29.13-1-234x300.jpeg 234w, https:\/\/www.fedaisarimustafa.com.tr\/wp-content\/uploads\/2022\/11\/WhatsApp-Image-2022-11-18-at-15.29.13-1-768x983.jpeg 768w\" sizes=\"auto, (max-width: 800px) 100vw, 800px\" \/>\t\t\t<\/div>\n\t\t\t\t<div class=\"mkdf-team-info\">\n\t\t\t\t\t\t\t<h5 class=\"mkdf-team-name\" style=\"color: #ffffff\">Ak\u0131n Sar\u0131mustafa<\/h5>\n\t\t\t\t\t\t\t\t\t            <div class=\"mkdf-separator-holder clearfix  mkdf-separator-center\" >\n\t\t<div class=\"mkdf-separator\" style=\"width: 100px\"><\/div>\n\t<\/div>\n\t\t\t\t\t\t\t<div class=\"mkdf-team-social-holder\">\n\t\t\t\t\t\t\t\t\t\t\t<span class=\"mkdf-team-icon\">    <span class=\"mkdf-icon-shortcode mkdf-normal\">\n        <span class=\"mkdf-icon-bckg-holder\"><\/span>\n                    <a class=\"\" href=\"https:\/\/www.facebook.com\/\" target=\"_blank\">\n                    <i class=\"mkdf-icon-ion-icon ion-social-facebook mkdf-icon-element\"><\/i>                            <\/a>\n            <\/span>\n<\/span>\n\t\t\t\t\t\t\t\t\t\t\t<span class=\"mkdf-team-icon\">    <span class=\"mkdf-icon-shortcode mkdf-normal\">\n        <span class=\"mkdf-icon-bckg-holder\"><\/span>\n                    <a class=\"\" href=\"https:\/\/www.instagram.com\/\" target=\"_blank\">\n                    <i class=\"mkdf-icon-ion-icon ion-social-instagram mkdf-icon-element\"><\/i>                            <\/a>\n            <\/span>\n<\/span>\n\t\t\t\t\t\t\t\t\t\t\t<span class=\"mkdf-team-icon\">    <span class=\"mkdf-icon-shortcode mkdf-normal\">\n        <span class=\"mkdf-icon-bckg-holder\"><\/span>\n                    <a class=\"\" href=\"https:\/\/www.linkedin.com\/\" target=\"_blank\">\n                    <i class=\"mkdf-icon-ion-icon ion-social-linkedin mkdf-icon-element\"><\/i>                            <\/a>\n            <\/span>\n<\/span>\n\t\t\t\t\t\t\t\t\t<\/div>\n\t\t\t\t\t<\/div>\n\t<\/div>\n<\/div><div class=\"vc_empty_space\"   style=\"height: 65px\"><span class=\"vc_empty_space_inner\"><\/span><\/div><\/div><\/div><\/div><\/div><\/div><\/div><div class=\"mkdf-row-grid-section-wrapper\"  ><div class=\"mkdf-row-grid-section\"><div class=\"vc_row wpb_row vc_row-fluid vc_custom_1520439640140\" ><div class=\"wpb_column vc_column_container vc_col-sm-12\"><div class=\"vc_column-inner\"><div class=\"wpb_wrapper\"><div class=\"mkdf-elements-holder   mkdf-two-columns  mkdf-responsive-mode-1024\" ><div class=\"mkdf-eh-item  mkdf-vertical-alignment-top\"  data-item-class=\"mkdf-eh-custom-8537\" data-680=\"0px\">\n\t<div class=\"mkdf-eh-item-inner\">\n\t\t<div class=\"mkdf-eh-item-content mkdf-eh-custom-8537\" >\n\t\t\t<div class=\"mkdf-single-image-holder\">\n    <div class=\"mkdf-si-inner\" >\n                                    <img loading=\"lazy\" decoding=\"async\" width=\"1024\" height=\"654\" src=\"https:\/\/www.fedaisarimustafa.com.tr\/wp-content\/uploads\/2018\/03\/h2-img-1.jpg\" class=\"attachment-full size-full\" alt=\"t\" srcset=\"https:\/\/www.fedaisarimustafa.com.tr\/wp-content\/uploads\/2018\/03\/h2-img-1.jpg 1024w, https:\/\/www.fedaisarimustafa.com.tr\/wp-content\/uploads\/2018\/03\/h2-img-1-300x192.jpg 300w, https:\/\/www.fedaisarimustafa.com.tr\/wp-content\/uploads\/2018\/03\/h2-img-1-768x491.jpg 768w\" sizes=\"auto, (max-width: 1024px) 100vw, 1024px\" \/>                        <\/div>\n<\/div>\t\t<\/div>\n\t<\/div>\n<\/div><div class=\"mkdf-eh-item  mkdf-vertical-alignment-top\"  data-item-class=\"mkdf-eh-custom-8219\" data-768-1024=\"70px 0px 0px\" data-680-768=\"70px 0px 0px\" data-680=\"70px 0px 0px\">\n\t<div class=\"mkdf-eh-item-inner\">\n\t\t<div class=\"mkdf-eh-item-content mkdf-eh-custom-8219\" style=\"padding: 0px 0px 0px 30px\">\n\t\t\t<div class=\"mkdf-accordion-holder mkdf-ac-default  mkdf-accordion mkdf-ac-boxed mkdf-white-skin clearfix\">\n\t<p class=\"mkdf-accordion-title\">\n    <span class=\"mkdf-accordion-mark\">\n\t\t<span class=\"mkdf_icon_plus icon_plus\"><\/span>\n\t\t<span class=\"mkdf_icon_minus icon_minus-06\"><\/span>\n\t<\/span>\n\t<span class=\"mkdf-tab-title\">QUALITY, SOLUTION-ORIENTED AND DYNAMIC LEGAL SERVICES<\/span>\n<\/p>\n<div class=\"mkdf-accordion-content\">\n\t<div class=\"mkdf-accordion-content-inner\">\n\t\t\n\t<div class=\"wpb_text_column wpb_content_element\" >\n\t\t<div class=\"wpb_wrapper\">\n\t\t\t<p>With our well-equipped and expert team, it is our most important policy to support\nour clients in the entire process and to provide quality legal services, in order to resolve all\nlegal disputes of our clients as soon as possible, to prevent loss of rights and to ensure that\nthey obtain their rights.<\/p>\n\n\t\t<\/div>\n\t<\/div>\n\t<\/div>\n<\/div><p class=\"mkdf-accordion-title\">\n    <span class=\"mkdf-accordion-mark\">\n\t\t<span class=\"mkdf_icon_plus icon_plus\"><\/span>\n\t\t<span class=\"mkdf_icon_minus icon_minus-06\"><\/span>\n\t<\/span>\n\t<span class=\"mkdf-tab-title\">EXPERT ASSISTANCE IN SPECIFIC AREAS OF LAW SUCH AS SPORTS\nLAW,PERSONAL DATA PROTECTION LAW, IT LAW, TRADEMARK &amp; PATENT\nLAW<\/span>\n<\/p>\n<div class=\"mkdf-accordion-content\">\n\t<div class=\"mkdf-accordion-content-inner\">\n\t\t\n\t<div class=\"wpb_text_column wpb_content_element\" >\n\t\t<div class=\"wpb_wrapper\">\n\t\t\t<p>With our team that has developed itself in various fields of law and has certificates of\nexpertise, we fully meet all the legal needs of our clients.<\/p>\n\n\t\t<\/div>\n\t<\/div>\n\t<\/div>\n<\/div><p class=\"mkdf-accordion-title\">\n    <span class=\"mkdf-accordion-mark\">\n\t\t<span class=\"mkdf_icon_plus icon_plus\"><\/span>\n\t\t<span class=\"mkdf_icon_minus icon_minus-06\"><\/span>\n\t<\/span>\n\t<span class=\"mkdf-tab-title\">CONSULTING SERVICES TO COMPANIES, INSTITUTIONS AND SPORTS CLUBS<\/span>\n<\/p>\n<div class=\"mkdf-accordion-content\">\n\t<div class=\"mkdf-accordion-content-inner\">\n\t\t\n\t<div class=\"wpb_text_column wpb_content_element\" >\n\t\t<div class=\"wpb_wrapper\">\n\t\t\t<p>To companies; business law, commercial law etc. areas, Sports clubs; We support all legal\nand administrative processes by providing attorneyship and consultancy services in UCK,\nPFDK, Arbitration, CAS application and trial processes, and by making necessary warnings\nin order to prevent damages they may suffer later.<\/p>\n\n\t\t<\/div>\n\t<\/div>\n\t<\/div>\n<\/div><p class=\"mkdf-accordion-title\">\n    <span class=\"mkdf-accordion-mark\">\n\t\t<span class=\"mkdf_icon_plus icon_plus\"><\/span>\n\t\t<span class=\"mkdf_icon_minus icon_minus-06\"><\/span>\n\t<\/span>\n\t<span class=\"mkdf-tab-title\">LEGAL SUPPORT WITH OUR NATIONAL AND INTERNATIONAL CONNECTIONS,\nDOMESTIC AND ABROAD<\/span>\n<\/p>\n<div class=\"mkdf-accordion-content\">\n\t<div class=\"mkdf-accordion-content-inner\">\n\t\t\n\t<div class=\"wpb_text_column wpb_content_element\" >\n\t\t<div class=\"wpb_wrapper\">\n\t\t\t<p>Providing legal support to Turkish citizens and companies in the field of international law, with our business partners in Turkey and in different parts of the world, especially in the Balkans and Europe, to our foreign clients, in the process of obtaining citizenship, buying real estate, establishing a business, in Turkish, English and in different languages, We carry out all processes together with our clients and finalize them as soon as possible.<\/p>\n\n\t\t<\/div>\n\t<\/div>\n\t<\/div>\n<\/div><\/div>\t\t<\/div>\n\t<\/div>\n<\/div><\/div><\/div><\/div><\/div><\/div><\/div><\/div>","protected":false},"excerpt":{"rendered":"KAL\u0130TEL\u0130, \u00c7\u00d6Z\u00dcM ODAKLI VE D\u0130NAM\u0130K HUKUK\u0130 H\u0130ZMETLER SPOR HUKUKU, KVKK, B\u0130L\u0130\u015e\u0130M HUKUKU, MARKA&PATENT HUKUKU G\u0130B\u0130 ALANLARINDA UZMAN YARDIMLAR \u015e\u0130RKETLERE, KURUMLARA VE SPOR KUL\u00dcPLER\u0130NE DANI\u015eMANLIK H\u0130ZMETLER\u0130 ULUSAL VE ULUSLARARASI BA\u011eLANTILARIMIZLA, YURT\u0130\u00c7\u0130NDE VE YURTDI\u015eINDA HUKUK\u0130 DESTEK Hukukta G\u00fcvenilir Dan\u0131\u015fmanlar\u0131n\u0131z \u00d6zel hukuk konular\u0131nda [...]","protected":false},"author":1,"featured_media":0,"parent":0,"menu_order":0,"comment_status":"closed","ping_status":"closed","template":"","meta":{"footnotes":""},"class_list":["post-461","page","type-page","status-publish","hentry"],"_links":{"self":[{"href":"https:\/\/www.fedaisarimustafa.com.tr\/en\/wp-json\/wp\/v2\/pages\/461","targetHints":{"allow":["GET"]}}],"collection":[{"href":"https:\/\/www.fedaisarimustafa.com.tr\/en\/wp-json\/wp\/v2\/pages"}],"about":[{"href":"https:\/\/www.fedaisarimustafa.com.tr\/en\/wp-json\/wp\/v2\/types\/page"}],"author":[{"embeddable":true,"href":"https:\/\/www.fedaisarimustafa.com.tr\/en\/wp-json\/wp\/v2\/users\/1"}],"replies":[{"embeddable":true,"href":"https:\/\/www.fedaisarimustafa.com.tr\/en\/wp-json\/wp\/v2\/comments?post=461"}],"version-history":[{"count":27,"href":"https:\/\/www.fedaisarimustafa.com.tr\/en\/wp-json\/wp\/v2\/pages\/461\/revisions"}],"predecessor-version":[{"id":3925,"href":"https:\/\/www.fedaisarimustafa.com.tr\/en\/wp-json\/wp\/v2\/pages\/461\/revisions\/3925"}],"wp:attachment":[{"href":"https:\/\/www.fedaisarimustafa.com.tr\/en\/wp-json\/wp\/v2\/media?parent=461"}],"curies":[{"name":"wp","href":"https:\/\/api.w.org\/{rel}","templated":true}]}}