{"id":399,"date":"2018-03-07T11:45:50","date_gmt":"2018-03-07T11:45:50","guid":{"rendered":"http:\/\/anwalt.mikado-themes.com\/?page_id=399"},"modified":"2023-01-18T11:33:32","modified_gmt":"2023-01-18T11:33:32","slug":"iletisim","status":"publish","type":"page","link":"https:\/\/www.fedaisarimustafa.com.tr\/en\/iletisim\/","title":{"rendered":"Contact Us"},"content":{"rendered":"<div class=\"mkdf-row-grid-section-wrapper mkdf-content-aligment-center\"  ><div class=\"mkdf-row-grid-section\"><div class=\"vc_row wpb_row vc_row-fluid vc_custom_1522075243296\" ><div class=\"wpb_column vc_column_container vc_col-sm-12 vc_col-lg-offset-2 vc_col-lg-8\"><div class=\"vc_column-inner\"><div class=\"wpb_wrapper\"><div class=\"mkdf-section-title-holder\" style=\"text-align: center\">\n\t<div class=\"mkdf-st-inner\">\n\t\t\t\t\t<h3 class=\"mkdf-st-title\" >\n\t\t\t\tHukuki deste\u011fe mi ihtiyac\u0131n\u0131z var?\t\t\t<\/h3>\n\t\t        <div class=\"mkdf-separator-holder clearfix  mkdf-separator-center mkdf-separator-normal\" >\n\t\t<div class=\"mkdf-separator\" style=\"width: 143px;border-bottom-width: 2px\"><\/div>\n\t<\/div>\n\t\t\t\t\t<h6 class=\"mkdf-st-text\" style=\"color: #ffffff\">\n\t\t\t\tFarkl\u0131 hukuk alanlar\u0131ndaki uzmanl\u0131\u011f\u0131m\u0131z ve tecr\u00fcbemiz ile her zaman yan\u0131n\u0131zday\u0131z.\t\t\t<\/h6>\n\t\t\t<\/div>\n<\/div><div class=\"vc_empty_space\"   style=\"height: 52px\"><span class=\"vc_empty_space_inner\"><\/span><\/div><\/div><\/div><\/div><\/div><\/div><\/div><div class=\"mkdf-row-grid-section-wrapper\"  ><div class=\"mkdf-row-grid-section\"><div class=\"vc_row wpb_row vc_row-fluid vc_custom_1522075183756\" ><div class=\"wpb_column vc_column_container vc_col-sm-12 vc_col-lg-offset-1 vc_col-lg-10\"><div class=\"vc_column-inner\"><div class=\"wpb_wrapper\"><div role=\"form\" class=\"wpcf7\" id=\"wpcf7-f1608-o1\" lang=\"en-US\" dir=\"ltr\">\n<div class=\"screen-reader-response\"><p role=\"status\" aria-live=\"polite\" aria-atomic=\"true\"><\/p> <ul><\/ul><\/div>\n<form action=\"\/en\/wp-json\/wp\/v2\/pages\/399#wpcf7-f1608-o1\" method=\"post\" class=\"wpcf7-form init cf7_custom_style_1\" novalidate=\"novalidate\" data-status=\"init\" data-trp-original-action=\"\/en\/wp-json\/wp\/v2\/pages\/399#wpcf7-f1608-o1\">\n<div style=\"display: none;\">\n<input type=\"hidden\" name=\"_wpcf7\" value=\"1608\" \/>\n<input type=\"hidden\" name=\"_wpcf7_version\" value=\"5.6.3\" \/>\n<input type=\"hidden\" name=\"_wpcf7_locale\" value=\"en_US\" \/>\n<input type=\"hidden\" name=\"_wpcf7_unit_tag\" value=\"wpcf7-f1608-o1\" \/>\n<input type=\"hidden\" name=\"_wpcf7_container_post\" value=\"0\" \/>\n<input type=\"hidden\" name=\"_wpcf7_posted_data_hash\" value=\"\" \/>\n<\/div>\n<div>\n<div class=\"mkdf-grid-row mkdf-grid-normal-gutter\">\n<div class=\"mkdf-grid-col-6\"><span class=\"wpcf7-form-control-wrap\" data-name=\"text\"><input type=\"text\" name=\"text\" value=\"\" size=\"40\" class=\"wpcf7-form-control wpcf7-text wpcf7-validates-as-required\" aria-required=\"true\" aria-invalid=\"false\" placeholder=\"Ad\u0131n\u0131z\" \/><\/span><\/div>\n<div class=\"mkdf-grid-col-6\"><span class=\"wpcf7-form-control-wrap\" data-name=\"text\"><input type=\"text\" name=\"text\" value=\"\" size=\"40\" class=\"wpcf7-form-control wpcf7-text\" aria-invalid=\"false\" placeholder=\"Soyad\u0131n\u0131z\" \/><\/span><\/div>\n<\/div>\n<div class=\"mkdf-grid-row mkdf-grid-normal-gutter\">\n<div class=\"mkdf-grid-col-6\"><span class=\"wpcf7-form-control-wrap\" data-name=\"email\"><input type=\"email\" name=\"email\" value=\"\" size=\"40\" class=\"wpcf7-form-control wpcf7-text wpcf7-email wpcf7-validates-as-required wpcf7-validates-as-email\" aria-required=\"true\" aria-invalid=\"false\" placeholder=\"E-posta Adresiniz\" \/><\/span><\/div>\n<div class=\"mkdf-grid-col-6\"><span class=\"wpcf7-form-control-wrap\" data-name=\"tel\"><input type=\"tel\" name=\"tel\" value=\"\" size=\"40\" class=\"wpcf7-form-control wpcf7-text wpcf7-tel wpcf7-validates-as-tel\" aria-invalid=\"false\" placeholder=\"Telefon Numaran\u0131z\" \/><\/span><\/div>\n<\/div>\n<div class=\"mkdf-grid-row mkdf-grid-normal-gutter\">\n<div class=\"mkdf-grid-col-12\"><span class=\"wpcf7-form-control-wrap\" data-name=\"textarea\"><textarea name=\"textarea\" cols=\"40\" rows=\"10\" class=\"wpcf7-form-control wpcf7-textarea\" aria-invalid=\"false\" placeholder=\"Mesaj\u0131n\u0131z\"><\/textarea><\/span><\/div>\n<\/div>\n<p style=\"text-align:center;\">\n<input type=\"submit\" value=\"Bize Ula\u015f\u0131n\" class=\"wpcf7-form-control has-spinner wpcf7-submit\" \/>\n<\/p>\n<\/div>\n<div class=\"wpcf7-response-output\" aria-hidden=\"true\"><\/div><input type=\"hidden\" name=\"trp-form-language\" value=\"en\"\/><\/form><\/div><\/div><\/div><\/div><\/div><\/div><\/div><div class=\"mkdf-row-grid-section-wrapper mkdf-parallax-row-holder mkdf-content-aligment-left\" data-parallax-bg-image=\"https:\/\/www.fedaisarimustafa.com.tr\/wp-content\/uploads\/2018\/04\/p-contact-parallax-1.jpg\" data-parallax-bg-speed=\"1\" ><div class=\"mkdf-row-grid-section\"><div class=\"vc_row wpb_row vc_row-fluid call-us vc_custom_1522653893992\" ><div class=\"wpb_column vc_column_container vc_col-sm-4 vc_col-lg-offset-0 vc_col-lg-3 vc_col-md-offset-0 vc_col-md-6 vc_col-sm-offset-0\"><div class=\"vc_column-inner\"><div class=\"wpb_wrapper\"><div class=\"mkdf-section-title-holder\" style=\"text-align: center\">\n\t<div class=\"mkdf-st-inner\">\n\t\t\t\t\t<h3 class=\"mkdf-st-title\" >\n\t\t\t\tAv. Mustafa Utku FEDA\u0130\t\t\t<\/h3>\n\t\t        \t\t\t<\/div>\n<\/div>\n\t<div class=\"wpb_text_column wpb_content_element\" >\n\t\t<div class=\"wpb_wrapper\">\n\t\t\t<p><a href=\"https:\/\/goo.gl\/maps\/A92UNi4Nhj4EuJ4b9\">Fikirtepe Mahallesi Y\u0131ld\u0131r\u0131m Sokak No:2\/B D Blok Kat:16 Daire:149 Fortis Sinanl\u0131 Residance <\/a><\/p>\n<p><a href=\"https:\/\/goo.gl\/maps\/A92UNi4Nhj4EuJ4b9\">Kad\u0131k\u00f6y\/ \u0130stanbul<\/a><\/p>\n<p style=\"text-align: left;\"><span style=\"color: #ffffff;\">Phone: <\/span><a href=\"tel: +905349440210\">+90 534 944 02 10<\/a><br \/>\n<span style=\"color: #ffffff;\">E-posta: <\/span><a href=\"mailto:utku.fedai@hotmail.com\">utku.fedai@hotmail.com<\/a><\/p>\n\n\t\t<\/div>\n\t<\/div>\n<div class=\"vc_empty_space\"   style=\"height: 32px\"><span class=\"vc_empty_space_inner\"><\/span><\/div><\/div><\/div><\/div><div class=\"wpb_column vc_column_container vc_col-sm-4\"><div class=\"vc_column-inner\"><div class=\"wpb_wrapper\"><div class=\"vc_empty_space\"   style=\"height: 32px\"><span class=\"vc_empty_space_inner\"><\/span><\/div><\/div><\/div><\/div><div class=\"wpb_column vc_column_container vc_col-sm-4\"><div class=\"vc_column-inner\"><div class=\"wpb_wrapper\"><div class=\"mkdf-section-title-holder\" style=\"text-align: center\">\n\t<div class=\"mkdf-st-inner\">\n\t\t\t\t\t<h3 class=\"mkdf-st-title\" >\n\t\t\t\tAv. Ak\u0131n SARIMUSTAFA\t\t\t<\/h3>\n\t\t        \t\t\t<\/div>\n<\/div>\n\t<div class=\"wpb_text_column wpb_content_element\" >\n\t\t<div class=\"wpb_wrapper\">\n\t\t\t<p style=\"text-align: right;\"><a href=\"https:\/\/goo.gl\/maps\/A92UNi4Nhj4EuJ4b9\">Fikirtepe Mahallesi Y\u0131ld\u0131r\u0131m Sokak No:2\/B D Blok Kat:16 Daire:149 Fortis Sinanl\u0131 Residance <\/a><\/p>\n<p style=\"text-align: right;\"><a href=\"https:\/\/goo.gl\/maps\/A92UNi4Nhj4EuJ4b9\">Kad\u0131k\u00f6y\/ \u0130stanbul<\/a><\/p>\n<p style=\"text-align: right;\"><span style=\"color: #ffffff;\">Phone: <\/span><a href=\"tel:+905334125695\">+90 533 412 56 95<\/a><br \/>\nE-posta: <a href=\"mailto:akinsarimustafa@hotmail.com\">akinsarimustafa@hotmail.com<\/a><\/p>\n\n\t\t<\/div>\n\t<\/div>\n<div class=\"vc_empty_space\"   style=\"height: 32px\"><span class=\"vc_empty_space_inner\"><\/span><\/div><\/div><\/div><\/div><\/div><\/div><\/div>","protected":false},"excerpt":{"rendered":"Hukuki deste\u011fe mi ihtiyac\u0131n\u0131z var? Farkl\u0131 hukuk alanlar\u0131ndaki uzmanl\u0131\u011f\u0131m\u0131z ve tecr\u00fcbemiz ile her zaman yan\u0131n\u0131zday\u0131z. Av. Mustafa Utku FEDA\u0130 Fikirtepe Mahallesi Y\u0131ld\u0131r\u0131m Sokak No:2\/B D Blok Kat:16 Daire:149 Fortis Sinanl\u0131 Residance Kad\u0131k\u00f6y\/ \u0130stanbul Telefon: +90 534 944 02 10 E-posta: [...]","protected":false},"author":1,"featured_media":0,"parent":0,"menu_order":0,"comment_status":"closed","ping_status":"closed","template":"full-width.php","meta":{"footnotes":""},"class_list":["post-399","page","type-page","status-publish","hentry"],"_links":{"self":[{"href":"https:\/\/www.fedaisarimustafa.com.tr\/en\/wp-json\/wp\/v2\/pages\/399","targetHints":{"allow":["GET"]}}],"collection":[{"href":"https:\/\/www.fedaisarimustafa.com.tr\/en\/wp-json\/wp\/v2\/pages"}],"about":[{"href":"https:\/\/www.fedaisarimustafa.com.tr\/en\/wp-json\/wp\/v2\/types\/page"}],"author":[{"embeddable":true,"href":"https:\/\/www.fedaisarimustafa.com.tr\/en\/wp-json\/wp\/v2\/users\/1"}],"replies":[{"embeddable":true,"href":"https:\/\/www.fedaisarimustafa.com.tr\/en\/wp-json\/wp\/v2\/comments?post=399"}],"version-history":[{"count":18,"href":"https:\/\/www.fedaisarimustafa.com.tr\/en\/wp-json\/wp\/v2\/pages\/399\/revisions"}],"predecessor-version":[{"id":3935,"href":"https:\/\/www.fedaisarimustafa.com.tr\/en\/wp-json\/wp\/v2\/pages\/399\/revisions\/3935"}],"wp:attachment":[{"href":"https:\/\/www.fedaisarimustafa.com.tr\/en\/wp-json\/wp\/v2\/media?parent=399"}],"curies":[{"name":"wp","href":"https:\/\/api.w.org\/{rel}","templated":true}]}}