{"id":3761,"date":"2022-10-05T10:21:57","date_gmt":"2022-10-05T10:21:57","guid":{"rendered":"https:\/\/www.fedaisarimustafa.com.tr\/?page_id=3761"},"modified":"2022-11-28T07:32:40","modified_gmt":"2022-11-28T07:32:40","slug":"akin-sarimustafa","status":"publish","type":"page","link":"https:\/\/www.fedaisarimustafa.com.tr\/en\/akin-sarimustafa\/","title":{"rendered":"Ak\u0131n Sar\u0131mustafa"},"content":{"rendered":"<div class=\"mkdf-row-grid-section-wrapper\"  ><div class=\"mkdf-row-grid-section\"><div class=\"vc_row wpb_row vc_row-fluid\" ><div class=\"wpb_column vc_column_container vc_col-sm-12\"><div class=\"vc_column-inner\"><div class=\"wpb_wrapper\"><div class=\"mkdf-elements-holder   mkdf-two-columns  mkdf-responsive-mode-1024\" ><div class=\"mkdf-eh-item   mkdf-horizontal-alignment-right\"  data-item-class=\"mkdf-eh-custom-5403\" data-1024-1366=\"140px 8%\" data-768-1024=\"70px 133px 140px\" data-680-768=\"70px 53px 140px\" data-680=\"70px 0% 140px\">\n\t<div class=\"mkdf-eh-item-inner\">\n\t\t<div class=\"mkdf-eh-item-content mkdf-eh-custom-5403\" style=\"padding: 140px 12%\">\n\t\t\t<div class=\"mkdf-single-image-holder\">\n    <div class=\"mkdf-si-inner\" >\n                                    <img loading=\"lazy\" decoding=\"async\" width=\"800\" height=\"1024\" src=\"https:\/\/www.fedaisarimustafa.com.tr\/wp-content\/uploads\/2022\/11\/WhatsApp-Image-2022-11-18-at-15.29.13-1.jpeg\" class=\"attachment-full size-full\" alt=\"\" srcset=\"https:\/\/www.fedaisarimustafa.com.tr\/wp-content\/uploads\/2022\/11\/WhatsApp-Image-2022-11-18-at-15.29.13-1.jpeg 800w, https:\/\/www.fedaisarimustafa.com.tr\/wp-content\/uploads\/2022\/11\/WhatsApp-Image-2022-11-18-at-15.29.13-1-234x300.jpeg 234w, https:\/\/www.fedaisarimustafa.com.tr\/wp-content\/uploads\/2022\/11\/WhatsApp-Image-2022-11-18-at-15.29.13-1-768x983.jpeg 768w\" sizes=\"auto, (max-width: 800px) 100vw, 800px\" \/>                        <\/div>\n<\/div>\t\t<\/div>\n\t<\/div>\n<\/div><\/div><\/div><\/div><\/div><\/div><\/div><\/div><div class=\"mkdf-row-grid-section-wrapper\"  ><div class=\"mkdf-row-grid-section\"><div class=\"vc_row wpb_row vc_row-fluid\" ><div class=\"wpb_column vc_column_container vc_col-sm-12\"><div class=\"vc_column-inner\"><div class=\"wpb_wrapper\"><div class=\"mkdf-elements-holder   mkdf-two-columns  mkdf-responsive-mode-1024\" ><div class=\"mkdf-eh-item\"  data-item-class=\"mkdf-eh-custom-2986\" data-1024-1366=\"0% 7% 4.4% 8%\" data-768-1024=\"103px 133px 0px\" data-680-768=\"103px 53px 0px\" data-680=\"101px 0% 0px\">\n\t<div class=\"mkdf-eh-item-inner\">\n\t\t<div class=\"mkdf-eh-item-content mkdf-eh-custom-2986\" style=\"padding: 0 12% 4% 12%\">\n\t\t\t\n\t<div class=\"wpb_text_column wpb_content_element\" >\n\t\t<div class=\"wpb_wrapper\">\n\t\t\t<h4 style=\"text-align: center;\">About<\/h4>\n\n\t\t<\/div>\n\t<\/div>\n<div class=\"vc_separator wpb_content_element vc_separator_align_center vc_sep_width_100 vc_sep_pos_align_center vc_separator_no_text\" ><span class=\"vc_sep_holder vc_sep_holder_l\"><span  style=\"border-color:#aa9166;\" class=\"vc_sep_line\"><\/span><\/span><span class=\"vc_sep_holder vc_sep_holder_r\"><span  style=\"border-color:#aa9166;\" class=\"vc_sep_line\"><\/span><\/span>\n<\/div>\n\t<div class=\"wpb_text_column wpb_content_element\" >\n\t\t<div class=\"wpb_wrapper\">\n\t\t\t<p style=\"text-align: left;\">Att. Ak\u0131n SARIMUSTAFA was born in Izmir. After completing his primary and secondary\neducation at Mev College, he completed his high school education at Izmir K\u0131z Anatolian\nHigh School, and then graduated from Marmara University Faculty of Law in 2020. After\nworking as a student intern, intern and lawyer at Akg\u00fcn Law Firm between 2019-2022, he\nestablished Fedai&amp;Sar\u0131mustafa Law Firm with Att. Mustafa Utku FEDAI in 2022.<\/p>\n<p style=\"text-align: left;\">Att. Ak\u0131n SARIMUSTAFA, who has experience in various fields of law, mostly commercial\nlaw, law of obligations, labor law, property law, inheritance law, completed TOBB\nUniversity Business Management Specialization Certificate Training and T\u00dcRAVAK\nPersonal Data Protection Law Advanced Training Program in 2022. He continues his studies\nin order to provide quality consultancy and legal support services to companies and\ninstitutions in every field, by continuing his undergraduate education in Y\u0131ld\u0131z Technical\nUniversity Business Administration and Istanbul University International Trade and\nLogistics, improving himself in company management and administrative processes.<\/p>\n<p style=\"text-align: left;\">Having experience in the fields of Foreigners Law and citizenship law,Att. Ak\u0131n\nSARIMUSTAFA provides legal support to clients and client companies in the international\narena and speaks English (C2 Level) and German (A1 Level).<\/p>\n<p style=\"text-align: left;\">In addition, Att. Ak\u0131n SARIMUSTAFA, who continues his social responsibility activities\nactively, is a member of Karak\u00f6y Rotaract Club and took part in various projects.<\/p>\n\n\t\t<\/div>\n\t<\/div>\n<div class=\"vc_empty_space\"   style=\"height: 22px\"><span class=\"vc_empty_space_inner\"><\/span><\/div>\t\t<\/div>\n\t<\/div>\n<\/div><\/div><\/div><\/div><\/div><\/div><\/div><\/div>","protected":false},"excerpt":{"rendered":"\u00d6zge\u00e7mi\u015f Av. Ak\u0131n SARIMUSTAFA \u0130zmir do\u011fumlu olup ilk ve orta \u00f6\u011frenimini Mev Koleji' nde g\u00f6rd\u00fckten sonra lise e\u011fitimini \u0130zmir K\u0131z Anadolu Lisesi'nde tamamlam\u0131\u015f ard\u0131ndan Marmara \u00dcniversitesi Hukuk Fak\u00fcltesi'nden 2020 y\u0131l\u0131nda mezun olmu\u015ftur. 2019-2022 y\u0131llar\u0131 aras\u0131nda Akg\u00fcn Hukuk B\u00fcrosu'nda \u00f6\u011frenci stajyer, [...]","protected":false},"author":1,"featured_media":0,"parent":0,"menu_order":0,"comment_status":"closed","ping_status":"closed","template":"full-width.php","meta":{"footnotes":""},"class_list":["post-3761","page","type-page","status-publish","hentry"],"_links":{"self":[{"href":"https:\/\/www.fedaisarimustafa.com.tr\/en\/wp-json\/wp\/v2\/pages\/3761","targetHints":{"allow":["GET"]}}],"collection":[{"href":"https:\/\/www.fedaisarimustafa.com.tr\/en\/wp-json\/wp\/v2\/pages"}],"about":[{"href":"https:\/\/www.fedaisarimustafa.com.tr\/en\/wp-json\/wp\/v2\/types\/page"}],"author":[{"embeddable":true,"href":"https:\/\/www.fedaisarimustafa.com.tr\/en\/wp-json\/wp\/v2\/users\/1"}],"replies":[{"embeddable":true,"href":"https:\/\/www.fedaisarimustafa.com.tr\/en\/wp-json\/wp\/v2\/comments?post=3761"}],"version-history":[{"count":16,"href":"https:\/\/www.fedaisarimustafa.com.tr\/en\/wp-json\/wp\/v2\/pages\/3761\/revisions"}],"predecessor-version":[{"id":3910,"href":"https:\/\/www.fedaisarimustafa.com.tr\/en\/wp-json\/wp\/v2\/pages\/3761\/revisions\/3910"}],"wp:attachment":[{"href":"https:\/\/www.fedaisarimustafa.com.tr\/en\/wp-json\/wp\/v2\/media?parent=3761"}],"curies":[{"name":"wp","href":"https:\/\/api.w.org\/{rel}","templated":true}]}}