{"id":3735,"date":"2022-10-05T09:31:30","date_gmt":"2022-10-05T09:31:30","guid":{"rendered":"https:\/\/www.fedaisarimustafa.com.tr\/?page_id=3735"},"modified":"2023-01-18T11:52:02","modified_gmt":"2023-01-18T11:52:02","slug":"mustafa-utku-fedai","status":"publish","type":"page","link":"https:\/\/www.fedaisarimustafa.com.tr\/en\/mustafa-utku-fedai\/","title":{"rendered":"Mustafa Utku Fedai"},"content":{"rendered":"<div class=\"mkdf-row-grid-section-wrapper\"  ><div class=\"mkdf-row-grid-section\"><div class=\"vc_row wpb_row vc_row-fluid\" ><div class=\"wpb_column vc_column_container vc_col-sm-12\"><div class=\"vc_column-inner\"><div class=\"wpb_wrapper\"><div class=\"mkdf-elements-holder   mkdf-two-columns  mkdf-responsive-mode-1024\" ><div class=\"mkdf-eh-item   mkdf-horizontal-alignment-right\"  data-item-class=\"mkdf-eh-custom-4248\" data-1024-1366=\"140px 8%\" data-768-1024=\"70px 133px 140px\" data-680-768=\"70px 53px 140px\" data-680=\"70px 0% 140px\">\n\t<div class=\"mkdf-eh-item-inner\">\n\t\t<div class=\"mkdf-eh-item-content mkdf-eh-custom-4248\" style=\"padding: 140px 12%\">\n\t\t\t<div class=\"mkdf-single-image-holder\">\n    <div class=\"mkdf-si-inner\" >\n                                    <img loading=\"lazy\" decoding=\"async\" width=\"1600\" height=\"2048\" src=\"https:\/\/www.fedaisarimustafa.com.tr\/wp-content\/uploads\/2022\/11\/WhatsApp-Image-2022-11-18-at-15.29.13.jpeg\" class=\"attachment-full size-full\" alt=\"\" srcset=\"https:\/\/www.fedaisarimustafa.com.tr\/wp-content\/uploads\/2022\/11\/WhatsApp-Image-2022-11-18-at-15.29.13.jpeg 1600w, https:\/\/www.fedaisarimustafa.com.tr\/wp-content\/uploads\/2022\/11\/WhatsApp-Image-2022-11-18-at-15.29.13-234x300.jpeg 234w, https:\/\/www.fedaisarimustafa.com.tr\/wp-content\/uploads\/2022\/11\/WhatsApp-Image-2022-11-18-at-15.29.13-800x1024.jpeg 800w, https:\/\/www.fedaisarimustafa.com.tr\/wp-content\/uploads\/2022\/11\/WhatsApp-Image-2022-11-18-at-15.29.13-768x983.jpeg 768w, https:\/\/www.fedaisarimustafa.com.tr\/wp-content\/uploads\/2022\/11\/WhatsApp-Image-2022-11-18-at-15.29.13-1200x1536.jpeg 1200w\" sizes=\"auto, (max-width: 1600px) 100vw, 1600px\" \/>                        <\/div>\n<\/div>\t\t<\/div>\n\t<\/div>\n<\/div><\/div><\/div><\/div><\/div><\/div><\/div><\/div><div class=\"mkdf-row-grid-section-wrapper\"  ><div class=\"mkdf-row-grid-section\"><div class=\"vc_row wpb_row vc_row-fluid\" ><div class=\"wpb_column vc_column_container vc_col-sm-12\"><div class=\"vc_column-inner\"><div class=\"wpb_wrapper\"><div class=\"mkdf-elements-holder   mkdf-two-columns  mkdf-responsive-mode-1024\" ><div class=\"mkdf-eh-item\"  data-item-class=\"mkdf-eh-custom-1438\" data-1024-1366=\"0% 7% 4.4% 8%\" data-768-1024=\"103px 133px 0px\" data-680-768=\"103px 53px 0px\" data-680=\"101px 0% 0px\">\n\t<div class=\"mkdf-eh-item-inner\">\n\t\t<div class=\"mkdf-eh-item-content mkdf-eh-custom-1438\" style=\"padding: 0 12% 4% 12%\">\n\t\t\t\n\t<div class=\"wpb_text_column wpb_content_element\" >\n\t\t<div class=\"wpb_wrapper\">\n\t\t\t<h4 style=\"text-align: center;\">About<\/h4>\n\n\t\t<\/div>\n\t<\/div>\n<div class=\"vc_separator wpb_content_element vc_separator_align_center vc_sep_width_100 vc_sep_pos_align_center vc_separator_no_text\" ><span class=\"vc_sep_holder vc_sep_holder_l\"><span  style=\"border-color:#aa9166;\" class=\"vc_sep_line\"><\/span><\/span><span class=\"vc_sep_holder vc_sep_holder_r\"><span  style=\"border-color:#aa9166;\" class=\"vc_sep_line\"><\/span><\/span>\n<\/div>\n\t<div class=\"wpb_text_column wpb_content_element\" >\n\t\t<div class=\"wpb_wrapper\">\n\t\t\t<p style=\"text-align: left;\" class=\" translation-block\">Att. Mustafa Utku FEDAI was born in Izmir. After completing his primary and secondary\neducation at Mev College, he completed his high school education at Mustafa Kemal\nAnatolian High School and U\u011fur Preparatory Anatolian High School. Then, he graduated\nfrom Istanbul Commerce University Faculty of Law, where he studied with a scholarship, in 2019.<\/p>\n<p style=\"text-align: left;\">After completing his legal internship with Att. Alper P\u0130R\u015eEN at Pir\u015fen&amp;Acar&amp;Ko\u00e7han\n(PAK) Law Firm, Mustafa Utku FEDA\u0130, who became a self-employed lawyer, established\nour law firm together with Att. Ak\u0131n SARIMUSTAFA as of 2022.<\/p>\n<p style=\"text-align: left;\" class=\" translation-block\">Att. Mustafa Utku Fedai, who specializes in Sports Law due to his family's direct interest in\nsports and his interest in this sector, graduated from KAD\u0130R HAS UN\u0130VERS\u0130TY Sports Law\nand Management Program in the 2019-2020 period. Since 2022, he has been continuing his\nspecialization studies on Sports Law at BARCA INNOVATION HUB UNIVERSITAS.<\/p>\n<p style=\"text-align: left;\">Att. Mustafa Utku Fedai, who also provides advocacy and consultancy services in various\nfields of law, speaks English (C2 Level) and Spanish (A2 Level).\n\nWhile actively participating in social responsibility projects, he is a member of Karak\u00f6y\nRotaract Club and a board member of PCIFIC E-Sports Club.<\/p>\n\n\t\t<\/div>\n\t<\/div>\n<div class=\"vc_empty_space\"   style=\"height: 22px\"><span class=\"vc_empty_space_inner\"><\/span><\/div>\t\t<\/div>\n\t<\/div>\n<\/div><\/div><\/div><\/div><\/div><\/div><\/div><\/div>","protected":false},"excerpt":{"rendered":"\u00d6zge\u00e7mi\u015f Av. Mustafa Utku FEDA\u0130 \u0130zmir do\u011fumlu olup ilk ve orta \u00f6\u011frenimini Mev Koleji' nde g\u00f6rd\u00fckten sonra lise e\u011fitimini Mustafa Kemal Anadolu Lisesi ve U\u011fur Haz\u0131rl\u0131k Anadolu Lisesi'nde tamamlam\u0131\u015ft\u0131r. Ard\u0131ndan burslu olarak e\u011fitim g\u00f6rd\u00fc\u011f\u00fc \u0130stanbul Ticaret \u00dcniversitesi Hukuk Fak\u00fcltesi'nden 2019 [...]","protected":false},"author":1,"featured_media":0,"parent":0,"menu_order":0,"comment_status":"closed","ping_status":"closed","template":"full-width.php","meta":{"footnotes":""},"class_list":["post-3735","page","type-page","status-publish","hentry"],"_links":{"self":[{"href":"https:\/\/www.fedaisarimustafa.com.tr\/en\/wp-json\/wp\/v2\/pages\/3735","targetHints":{"allow":["GET"]}}],"collection":[{"href":"https:\/\/www.fedaisarimustafa.com.tr\/en\/wp-json\/wp\/v2\/pages"}],"about":[{"href":"https:\/\/www.fedaisarimustafa.com.tr\/en\/wp-json\/wp\/v2\/types\/page"}],"author":[{"embeddable":true,"href":"https:\/\/www.fedaisarimustafa.com.tr\/en\/wp-json\/wp\/v2\/users\/1"}],"replies":[{"embeddable":true,"href":"https:\/\/www.fedaisarimustafa.com.tr\/en\/wp-json\/wp\/v2\/comments?post=3735"}],"version-history":[{"count":31,"href":"https:\/\/www.fedaisarimustafa.com.tr\/en\/wp-json\/wp\/v2\/pages\/3735\/revisions"}],"predecessor-version":[{"id":3937,"href":"https:\/\/www.fedaisarimustafa.com.tr\/en\/wp-json\/wp\/v2\/pages\/3735\/revisions\/3937"}],"wp:attachment":[{"href":"https:\/\/www.fedaisarimustafa.com.tr\/en\/wp-json\/wp\/v2\/media?parent=3735"}],"curies":[{"name":"wp","href":"https:\/\/api.w.org\/{rel}","templated":true}]}}