{"id":236,"date":"2018-03-07T09:29:48","date_gmt":"2018-03-07T09:29:48","guid":{"rendered":"http:\/\/anwalt.mikado-themes.com\/?page_id=236"},"modified":"2023-01-18T11:40:34","modified_gmt":"2023-01-18T11:40:34","slug":"hakkimizda","status":"publish","type":"page","link":"https:\/\/www.fedaisarimustafa.com.tr\/en\/hakkimizda\/","title":{"rendered":"About Us"},"content":{"rendered":"<div class=\"mkdf-row-grid-section-wrapper\"  ><div class=\"mkdf-row-grid-section\"><div class=\"vc_row wpb_row vc_row-fluid vc_custom_1522331941684\" ><div class=\"wpb_column vc_column_container vc_col-sm-6 vc_col-lg-offset-0 vc_col-lg-12 vc_col-md-offset-0 vc_col-md-12 vc_col-sm-offset-0 vc_col-xs-12\"><div class=\"vc_column-inner\"><div class=\"wpb_wrapper\"><div class=\"mkdf-section-title-holder\" style=\"text-align: center\">\n\t<div class=\"mkdf-st-inner\">\n\t\t\t\t\t<h3 class=\"mkdf-st-title\" >\n\t\t\t\tOur Values\t\t\t<\/h3>\n\t\t        <div class=\"mkdf-separator-holder clearfix  mkdf-separator-center mkdf-separator-normal\" >\n\t\t<div class=\"mkdf-separator\" style=\"width: 143px;border-bottom-width: 2px\"><\/div>\n\t<\/div>\n\t\t\t<\/div>\n<\/div><div class=\"mkdf-row-grid-section-wrapper mkdf-content-aligment-center\" ><div class=\"mkdf-row-grid-section\"><div class=\"vc_row wpb_row vc_inner vc_row-fluid\" ><div class=\"wpb_column vc_column_container vc_col-sm-4 vc_col-lg-offset-2 vc_col-lg-8 vc_col-md-offset-0 vc_col-md-12 vc_col-sm-offset-0 vc_col-xs-12\"><div class=\"vc_column-inner\"><div class=\"wpb_wrapper\"><div class=\"vc_empty_space\"   style=\"height: 11px\"><span class=\"vc_empty_space_inner\"><\/span><\/div>\n\t<div class=\"wpb_text_column wpb_content_element\" >\n\t\t<div class=\"wpb_wrapper\">\n\t\t\t<p style=\"text-align: center;\">Fedai&amp;Sar\u0131mustafa is an Istanbul-based law firm that provides legal support and<br \/>\nconsultancy services to their Turkish and Foreign clients with their team specialized in<br \/>\nthe basic and various fields of the legal sector.<\/p>\n<p style=\"text-align: center;\">Fedai&amp;Sar\u0131mustafa has the advantage of finding fast and effective solutions to the legal\nrequirements<br \/>\nof its clients, thanks to their dynamic structure and partnerships it has made in different cities of<br \/>\nTurkey and the world. With their solution-oriented and effective approach adopted as a policy, they<br \/>\nhave adopted as a principle to resolve all kinds of disputes as soon as possible and by considering<br \/>\nthe benefits of its clients.<\/p>\n<p style=\"text-align: center;\">Our office, which sees its clients as a separate value in terms of service understanding, keeps<br \/>\nin contact with their clients and keeps them informed about their legal processes,<br \/>\nby giving regular warnings and notifications about changes in laws, decisions or legislations or<br \/>\ndevelopments related to their activities, to protect their clients from possible damages and loss of<br \/>\nrights and to protect the sectors. \/ aims to keep it updated in line with its<br \/>\nneeds.<\/p>\n\n\t\t<\/div>\n\t<\/div>\n<div class=\"vc_empty_space\"   style=\"height: 32px\"><span class=\"vc_empty_space_inner\"><\/span><\/div><\/div><\/div><\/div><div class=\"wpb_column vc_column_container vc_col-sm-4\"><div class=\"vc_column-inner\"><div class=\"wpb_wrapper\"><div class=\"mkdf-image-with-text-holder\">\n    <div class=\"mkdf-iwt-image\">\n                                    <img loading=\"lazy\" decoding=\"async\" width=\"500\" height=\"200\" src=\"https:\/\/www.fedaisarimustafa.com.tr\/wp-content\/uploads\/2022\/10\/imza-1.png\" class=\"attachment-full size-full\" alt=\"\" srcset=\"https:\/\/www.fedaisarimustafa.com.tr\/wp-content\/uploads\/2022\/10\/imza-1.png 500w, https:\/\/www.fedaisarimustafa.com.tr\/wp-content\/uploads\/2022\/10\/imza-1-300x120.png 300w\" sizes=\"auto, (max-width: 500px) 100vw, 500px\" \/>                        <\/div>\n    <div class=\"mkdf-iwt-text-holder\">\n                    <h4 class=\"mkdf-iwt-title\" style=\"color: #aa9166\">Att. Mustafa Utku Fedai<\/h4>\n        \t\t    <\/div>\n<\/div><\/div><\/div><\/div><div class=\"wpb_column vc_column_container vc_col-sm-4\"><div class=\"vc_column-inner\"><div class=\"wpb_wrapper\"><div class=\"vc_empty_space\"   style=\"height: 32px\"><span class=\"vc_empty_space_inner\"><\/span><\/div><\/div><\/div><\/div><div class=\"wpb_column vc_column_container vc_col-sm-4\"><div class=\"vc_column-inner\"><div class=\"wpb_wrapper\"><div class=\"mkdf-image-with-text-holder\">\n    <div class=\"mkdf-iwt-image\">\n                                    <img loading=\"lazy\" decoding=\"async\" width=\"500\" height=\"200\" src=\"https:\/\/www.fedaisarimustafa.com.tr\/wp-content\/uploads\/2022\/10\/imza-2.png\" class=\"attachment-full size-full\" alt=\"\" srcset=\"https:\/\/www.fedaisarimustafa.com.tr\/wp-content\/uploads\/2022\/10\/imza-2.png 500w, https:\/\/www.fedaisarimustafa.com.tr\/wp-content\/uploads\/2022\/10\/imza-2-300x120.png 300w\" sizes=\"auto, (max-width: 500px) 100vw, 500px\" \/>                        <\/div>\n    <div class=\"mkdf-iwt-text-holder\">\n                    <h4 class=\"mkdf-iwt-title\" style=\"color: #aa9166\">Att. Ak\u0131n Sar\u0131mustafa<\/h4>\n        \t\t    <\/div>\n<\/div><\/div><\/div><\/div><\/div><\/div><\/div><\/div><\/div><\/div><\/div><\/div><\/div>","protected":false},"excerpt":{"rendered":"De\u011ferlerimiz Fedai&amp;Sar\u0131mustafa hukuk sekt\u00f6r\u00fcn\u00fcn temel ve \u00e7e\u015fitli alanlar\u0131nda uzmanla\u015fm\u0131\u015f ekibi ile T\u00fcrk ve Yabanc\u0131 m\u00fcvekkillerine hukuki destek ve dan\u0131\u015fmanl\u0131k hizmeti veren \u0130stanbul merkezli bir hukuk b\u00fcrosudur. Fedai&amp;Sar\u0131mustafa dinamik yap\u0131s\u0131, T\u00fcrkiye ve d\u00fcnyan\u0131n farkl\u0131 \u015fehirlerinde yapm\u0131\u015f oldu\u011fu ortakl\u0131klar sayesinde m\u00fcvekkillerinin yasal [...]","protected":false},"author":1,"featured_media":0,"parent":0,"menu_order":0,"comment_status":"closed","ping_status":"closed","template":"full-width.php","meta":{"footnotes":""},"class_list":["post-236","page","type-page","status-publish","hentry"],"_links":{"self":[{"href":"https:\/\/www.fedaisarimustafa.com.tr\/en\/wp-json\/wp\/v2\/pages\/236","targetHints":{"allow":["GET"]}}],"collection":[{"href":"https:\/\/www.fedaisarimustafa.com.tr\/en\/wp-json\/wp\/v2\/pages"}],"about":[{"href":"https:\/\/www.fedaisarimustafa.com.tr\/en\/wp-json\/wp\/v2\/types\/page"}],"author":[{"embeddable":true,"href":"https:\/\/www.fedaisarimustafa.com.tr\/en\/wp-json\/wp\/v2\/users\/1"}],"replies":[{"embeddable":true,"href":"https:\/\/www.fedaisarimustafa.com.tr\/en\/wp-json\/wp\/v2\/comments?post=236"}],"version-history":[{"count":40,"href":"https:\/\/www.fedaisarimustafa.com.tr\/en\/wp-json\/wp\/v2\/pages\/236\/revisions"}],"predecessor-version":[{"id":3914,"href":"https:\/\/www.fedaisarimustafa.com.tr\/en\/wp-json\/wp\/v2\/pages\/236\/revisions\/3914"}],"wp:attachment":[{"href":"https:\/\/www.fedaisarimustafa.com.tr\/en\/wp-json\/wp\/v2\/media?parent=236"}],"curies":[{"name":"wp","href":"https:\/\/api.w.org\/{rel}","templated":true}]}}