{"id":2,"date":"2022-09-29T14:14:54","date_gmt":"2022-09-29T14:14:54","guid":{"rendered":"https:\/\/www.fedaisarimustafa.com.tr\/?page_id=2"},"modified":"2022-11-14T12:43:33","modified_gmt":"2022-11-14T12:43:33","slug":"sample-page","status":"publish","type":"page","link":"https:\/\/www.fedaisarimustafa.com.tr\/en\/sample-page\/","title":{"rendered":"QUALITY, SOLUTION-ORIENTED AND DYNAMIC LEGAL SERVICES"},"content":{"rendered":"<p class=\"has-text-align-center has-text-color has-medium-font-size\" style=\"color:#aa9166\">With our well-equipped and expert team, it is our most important policy to support\nour clients in the entire process and to provide quality legal services, in order to resolve all\nlegal disputes of our clients as soon as possible, to prevent loss of rights and to ensure that\nthey obtain their rights.<\/p>","protected":false},"excerpt":{"rendered":"<p>Donan\u0131ml\u0131 ve uzman ekibimizle, m\u00fcvekkillerimizin t\u00fcm hukuki uyu\u015fmazl\u0131klar\u0131n\u0131 m\u00fcmk\u00fcn olan en k\u0131sa s\u00fcrede \u00e7\u00f6z\u00fcmlemek, hak kay\u0131plar\u0131n\u0131 \u00f6nlemek ve haklar\u0131n\u0131 elde etmelerini sa\u011flamak ad\u0131na, m\u00fcvekkillerimizle s\u00fcrekli olarak ileti\u015fim halinde kalarak, t\u00fcm s\u00fcre\u00e7te onlara destek olmak ve kaliteli hukuki hizmet sunmak en [&hellip;]<\/p>","protected":false},"author":1,"featured_media":3836,"parent":0,"menu_order":0,"comment_status":"closed","ping_status":"open","template":"","meta":{"footnotes":""},"class_list":["post-2","page","type-page","status-publish","has-post-thumbnail","hentry"],"_links":{"self":[{"href":"https:\/\/www.fedaisarimustafa.com.tr\/en\/wp-json\/wp\/v2\/pages\/2","targetHints":{"allow":["GET"]}}],"collection":[{"href":"https:\/\/www.fedaisarimustafa.com.tr\/en\/wp-json\/wp\/v2\/pages"}],"about":[{"href":"https:\/\/www.fedaisarimustafa.com.tr\/en\/wp-json\/wp\/v2\/types\/page"}],"author":[{"embeddable":true,"href":"https:\/\/www.fedaisarimustafa.com.tr\/en\/wp-json\/wp\/v2\/users\/1"}],"replies":[{"embeddable":true,"href":"https:\/\/www.fedaisarimustafa.com.tr\/en\/wp-json\/wp\/v2\/comments?post=2"}],"version-history":[{"count":4,"href":"https:\/\/www.fedaisarimustafa.com.tr\/en\/wp-json\/wp\/v2\/pages\/2\/revisions"}],"predecessor-version":[{"id":3855,"href":"https:\/\/www.fedaisarimustafa.com.tr\/en\/wp-json\/wp\/v2\/pages\/2\/revisions\/3855"}],"wp:featuredmedia":[{"embeddable":true,"href":"https:\/\/www.fedaisarimustafa.com.tr\/en\/wp-json\/wp\/v2\/media\/3836"}],"wp:attachment":[{"href":"https:\/\/www.fedaisarimustafa.com.tr\/en\/wp-json\/wp\/v2\/media?parent=2"}],"curies":[{"name":"wp","href":"https:\/\/api.w.org\/{rel}","templated":true}]}}