{"id":1436,"date":"2018-03-13T11:48:14","date_gmt":"2018-03-13T11:48:14","guid":{"rendered":"http:\/\/anwalt.mikado-themes.com\/?page_id=1436"},"modified":"2023-01-18T11:37:22","modified_gmt":"2023-01-18T11:37:22","slug":"calisma-alanlarimiz","status":"publish","type":"page","link":"https:\/\/www.fedaisarimustafa.com.tr\/en\/calisma-alanlarimiz\/","title":{"rendered":"Practice Areas"},"content":{"rendered":"<div class=\"mkdf-row-grid-section-wrapper\"  ><div class=\"mkdf-row-grid-section\"><div class=\"vc_row wpb_row vc_row-fluid vc_custom_1520428609185\" ><div class=\"wpb_column vc_column_container vc_col-sm-6 vc_col-lg-offset-0 vc_col-lg-3 vc_col-md-offset-1 vc_col-md-5\"><div class=\"vc_column-inner\"><div class=\"wpb_wrapper\"><div class=\"mkdf-iwt clearfix  mkdf-iwt-icon-top mkdf-iwt-icon-medium\">\n\t<div class=\"mkdf-iwt-icon\">\n\t\t\t\t\t    <span class=\"mkdf-icon-shortcode mkdf-normal    mkdf-icon-medium\"  >\n        <span class=\"mkdf-icon-bckg-holder\" ><\/span>\n                    <i class=\"mkdf-icon-linea-icon icon-basic-elaboration-folder-search mkdf-icon-element\" style=\"font-size:55px\" ><\/i>                    <\/span>\n\t\t\t<\/div>\n\t<div class=\"mkdf-iwt-content\" >\n\t\t\t\t\t<h5 class=\"mkdf-iwt-title\" style=\"color: #aa9166;margin-top: 9px\">\n\t\t\t\t\t\t\t\t<span class=\"mkdf-iwt-title-text\">Commercial and Corporate Law<\/span>\n\t\t\t\t\t\t\t<\/h5>\n\t\t\t\t\t\t\t<p class=\"mkdf-iwt-text\" >Commercial and corporate law is the branch of law that regulates the general and special provisions to be applied to commercial companies and businesses.<\/p>\n\t\t\t<\/div>\n<\/div><div class=\"vc_empty_space\"   style=\"height: 58px\"><span class=\"vc_empty_space_inner\"><\/span><\/div><\/div><\/div><\/div><div class=\"wpb_column vc_column_container vc_col-sm-6 vc_col-lg-3 vc_col-md-5\"><div class=\"vc_column-inner\"><div class=\"wpb_wrapper\"><div class=\"mkdf-iwt clearfix  mkdf-iwt-icon-top mkdf-iwt-icon-medium\">\n\t<div class=\"mkdf-iwt-icon\">\n\t\t\t\t\t    <span class=\"mkdf-icon-shortcode mkdf-normal    mkdf-icon-medium\"  >\n        <span class=\"mkdf-icon-bckg-holder\" ><\/span>\n                    <i class=\"mkdf-icon-linea-icon icon-ecommerce-graph-decrease mkdf-icon-element\" style=\"font-size:55px\" ><\/i>                    <\/span>\n\t\t\t<\/div>\n\t<div class=\"mkdf-iwt-content\" >\n\t\t\t\t\t<h5 class=\"mkdf-iwt-title\" style=\"color: #aa9166;margin-top: 9px\">\n\t\t\t\t\t\t\t\t<span class=\"mkdf-iwt-title-text\">Law of Obligations<\/span>\n\t\t\t\t\t\t\t<\/h5>\n\t\t\t\t\t\t\t<p class=\"mkdf-iwt-text\" >Law of obligations is a branch of private law and is a discipline in which legal relations between equals, called debt relations, are examined.<\/p>\n\t\t\t<\/div>\n<\/div><div class=\"vc_empty_space\"   style=\"height: 58px\"><span class=\"vc_empty_space_inner\"><\/span><\/div><\/div><\/div><\/div><div class=\"wpb_column vc_column_container vc_col-sm-6 vc_col-lg-offset-0 vc_col-lg-3 vc_col-md-offset-1 vc_col-md-5\"><div class=\"vc_column-inner\"><div class=\"wpb_wrapper\"><div class=\"mkdf-iwt clearfix  mkdf-iwt-icon-top mkdf-iwt-icon-medium\">\n\t<div class=\"mkdf-iwt-icon\">\n\t\t\t\t\t    <span class=\"mkdf-icon-shortcode mkdf-normal    mkdf-icon-medium\"  >\n        <span class=\"mkdf-icon-bckg-holder\" ><\/span>\n                    <i class=\"mkdf-icon-linea-icon icon-ecommerce-safe mkdf-icon-element\" style=\"font-size:55px\" ><\/i>                    <\/span>\n\t\t\t<\/div>\n\t<div class=\"mkdf-iwt-content\" >\n\t\t\t\t\t<h5 class=\"mkdf-iwt-title\" style=\"color: #aa9166;margin-top: 9px\">\n\t\t\t\t\t\t\t\t<span class=\"mkdf-iwt-title-text\">Property law<\/span>\n\t\t\t\t\t\t\t<\/h5>\n\t\t\t\t\t\t\t<p class=\"mkdf-iwt-text\" >Property law regulates the absolute rights (real rights) of the person on the property.<\/p>\n\t\t\t<\/div>\n<\/div><div class=\"vc_empty_space\"   style=\"height: 58px\"><span class=\"vc_empty_space_inner\"><\/span><\/div><\/div><\/div><\/div><div class=\"wpb_column vc_column_container vc_col-sm-6 vc_col-lg-3 vc_col-md-5\"><div class=\"vc_column-inner\"><div class=\"wpb_wrapper\"><div class=\"mkdf-iwt clearfix  mkdf-iwt-icon-top mkdf-iwt-icon-medium\">\n\t<div class=\"mkdf-iwt-icon\">\n\t\t\t\t\t    <span class=\"mkdf-icon-shortcode mkdf-normal    mkdf-icon-medium\"  >\n        <span class=\"mkdf-icon-bckg-holder\" ><\/span>\n                    <i class=\"mkdf-icon-linea-icon icon-basic-hammer mkdf-icon-element\" style=\"font-size:55px\" ><\/i>                    <\/span>\n\t\t\t<\/div>\n\t<div class=\"mkdf-iwt-content\" >\n\t\t\t\t\t<h5 class=\"mkdf-iwt-title\" style=\"color: #aa9166;margin-top: 9px\">\n\t\t\t\t\t\t\t\t<span class=\"mkdf-iwt-title-text\">Employee-Employer Disputes<\/span>\n\t\t\t\t\t\t\t<\/h5>\n\t\t\t\t\t\t\t<p class=\"mkdf-iwt-text\" >It covers labor disputes on issues such as severance pay, notice pay, leave.<\/p>\n\t\t\t<\/div>\n<\/div><div class=\"vc_empty_space\"   style=\"height: 58px\"><span class=\"vc_empty_space_inner\"><\/span><\/div><\/div><\/div><\/div><\/div><\/div><\/div><div class=\"mkdf-row-grid-section-wrapper\"  ><div class=\"mkdf-row-grid-section\"><div class=\"vc_row wpb_row vc_row-fluid vc_custom_1520428609185\" ><div class=\"wpb_column vc_column_container vc_col-sm-3 vc_col-lg-offset-0 vc_col-lg-3 vc_col-md-offset-1 vc_col-md-5\"><div class=\"vc_column-inner\"><div class=\"wpb_wrapper\"><div class=\"mkdf-iwt clearfix  mkdf-iwt-icon-top mkdf-iwt-icon-medium\">\n\t<div class=\"mkdf-iwt-icon\">\n\t\t\t\t\t    <span class=\"mkdf-icon-shortcode mkdf-normal    mkdf-icon-medium\"  >\n        <span class=\"mkdf-icon-bckg-holder\" ><\/span>\n                    <i class=\"mkdf-icon-linea-icon icon-basic-message-multiple mkdf-icon-element\" style=\"font-size:55px\" ><\/i>                    <\/span>\n\t\t\t<\/div>\n\t<div class=\"mkdf-iwt-content\" >\n\t\t\t\t\t<h5 class=\"mkdf-iwt-title\" style=\"color: #aa9166;margin-top: 9px\">\n\t\t\t\t\t\t\t\t<span class=\"mkdf-iwt-title-text\">Enforcement and Bankruptcy Law, Enforcement Follow-up Processes<\/span>\n\t\t\t\t\t\t\t<\/h5>\n\t\t\t\t\t\t\t<p class=\"mkdf-iwt-text\" >Enforcement and Bankruptcy Law is the branch of law used in the resolution of disputes between the creditor and the debtor.<\/p>\n\t\t\t<\/div>\n<\/div><div class=\"vc_empty_space\"   style=\"height: 58px\"><span class=\"vc_empty_space_inner\"><\/span><\/div><\/div><\/div><\/div><div class=\"wpb_column vc_column_container vc_col-sm-3 vc_col-lg-3 vc_col-md-5\"><div class=\"vc_column-inner\"><div class=\"wpb_wrapper\"><div class=\"mkdf-iwt clearfix  mkdf-iwt-icon-top mkdf-iwt-icon-medium\">\n\t<div class=\"mkdf-iwt-icon\">\n\t\t\t\t\t    <span class=\"mkdf-icon-shortcode mkdf-normal    mkdf-icon-medium\"  >\n        <span class=\"mkdf-icon-bckg-holder\" ><\/span>\n                    <i class=\"mkdf-icon-linea-icon icon-ecommerce-cart mkdf-icon-element\" style=\"font-size:55px\" ><\/i>                    <\/span>\n\t\t\t<\/div>\n\t<div class=\"mkdf-iwt-content\" >\n\t\t\t\t\t<h5 class=\"mkdf-iwt-title\" style=\"color: #aa9166;margin-top: 9px\">\n\t\t\t\t\t\t\t\t<span class=\"mkdf-iwt-title-text\">Consumer Law<\/span>\n\t\t\t\t\t\t\t<\/h5>\n\t\t\t\t\t\t\t<p class=\"mkdf-iwt-text\" >T\u00fcketici Hukuku, t\u00fcketicinin ekonomik \u00e7\u0131karlar\u0131n\u0131n, sa\u011fl\u0131klar\u0131n\u0131n ve g\u00fcvenliklerinin korunmas\u0131 amac\u0131yla olu\u015fturulan bir hukuk dal\u0131d\u0131r.<\/p>\n\t\t\t<\/div>\n<\/div><div class=\"vc_empty_space\"   style=\"height: 58px\"><span class=\"vc_empty_space_inner\"><\/span><\/div><\/div><\/div><\/div><div class=\"wpb_column vc_column_container vc_col-sm-3\"><div class=\"vc_column-inner\"><div class=\"wpb_wrapper\"><div class=\"mkdf-iwt clearfix  mkdf-iwt-icon-top mkdf-iwt-icon-medium\">\n\t<div class=\"mkdf-iwt-icon\">\n\t\t\t\t\t    <span class=\"mkdf-icon-shortcode mkdf-normal    mkdf-icon-medium\"  >\n        <span class=\"mkdf-icon-bckg-holder\" ><\/span>\n                    <i class=\"mkdf-icon-linea-icon icon-basic-message-multiple mkdf-icon-element\" style=\"font-size:55px\" ><\/i>                    <\/span>\n\t\t\t<\/div>\n\t<div class=\"mkdf-iwt-content\" >\n\t\t\t\t\t<h5 class=\"mkdf-iwt-title\" style=\"color: #aa9166;margin-top: 9px\">\n\t\t\t\t\t\t\t\t<span class=\"mkdf-iwt-title-text\">Confiscation Lawsuits Without Expropriation<\/span>\n\t\t\t\t\t\t\t<\/h5>\n\t\t\t\t\t\t\t<p class=\"mkdf-iwt-text\" >Confiscation case without expropriation is the lawsuit filed as a result of the administration's confiscation of a immovable subject to private property, by limiting the right of property free of charge, with a \"de facto\" or \"legal\" transaction, contrary to expropriation procedures.<\/p>\n\t\t\t<\/div>\n<\/div><div class=\"vc_empty_space\"   style=\"height: 58px\"><span class=\"vc_empty_space_inner\"><\/span><\/div><\/div><\/div><\/div><div class=\"wpb_column vc_column_container vc_col-sm-3\"><div class=\"vc_column-inner\"><div class=\"wpb_wrapper\"><div class=\"mkdf-iwt clearfix  mkdf-iwt-icon-top mkdf-iwt-icon-medium\">\n\t<div class=\"mkdf-iwt-icon\">\n\t\t\t\t\t    <span class=\"mkdf-icon-shortcode mkdf-normal    mkdf-icon-medium\"  >\n        <span class=\"mkdf-icon-bckg-holder\" ><\/span>\n                    <i class=\"mkdf-icon-font-awesome fa fa-car mkdf-icon-element\" style=\"font-size:55px\" ><\/i>                    <\/span>\n\t\t\t<\/div>\n\t<div class=\"mkdf-iwt-content\" >\n\t\t\t\t\t<h5 class=\"mkdf-iwt-title\" style=\"color: #aa9166;margin-top: 9px\">\n\t\t\t\t\t\t\t\t<span class=\"mkdf-iwt-title-text\">Lawsuits for Material and Moral Compensation Due to a Traffic Accident<\/span>\n\t\t\t\t\t\t\t<\/h5>\n\t\t\t\t\t\t\t<p class=\"mkdf-iwt-text\" >It deals with the pecuniary and non-pecuniary damages lawsuit filed if an injury occurred in a traffic accident.<\/p>\n\t\t\t<\/div>\n<\/div><div class=\"vc_empty_space\"   style=\"height: 58px\"><span class=\"vc_empty_space_inner\"><\/span><\/div><\/div><\/div><\/div><\/div><\/div><\/div><div class=\"mkdf-row-grid-section-wrapper\"  ><div class=\"mkdf-row-grid-section\"><div class=\"vc_row wpb_row vc_row-fluid vc_custom_1520428609185\" ><div class=\"wpb_column vc_column_container vc_col-sm-6 vc_col-lg-offset-0 vc_col-lg-3 vc_col-md-offset-1 vc_col-md-5\"><div class=\"vc_column-inner\"><div class=\"wpb_wrapper\"><div class=\"mkdf-iwt clearfix  mkdf-iwt-icon-top mkdf-iwt-icon-medium\">\n\t<div class=\"mkdf-iwt-icon\">\n\t\t\t\t\t    <span class=\"mkdf-icon-shortcode mkdf-normal    mkdf-icon-medium\"  >\n        <span class=\"mkdf-icon-bckg-holder\" ><\/span>\n                    <i class=\"mkdf-icon-linea-icon icon-basic-diamonds mkdf-icon-element\" style=\"font-size:55px\" ><\/i>                    <\/span>\n\t\t\t<\/div>\n\t<div class=\"mkdf-iwt-content\" >\n\t\t\t\t\t<h5 class=\"mkdf-iwt-title\" style=\"color: #aa9166;margin-top: 9px\">\n\t\t\t\t\t\t\t\t<span class=\"mkdf-iwt-title-text\">Inheritance Law Disputes<\/span>\n\t\t\t\t\t\t\t<\/h5>\n\t\t\t\t\t\t\t<p class=\"mkdf-iwt-text\" >Inheritance law is the branch of law that regulates how the property will be divided after the death, absence or presumption of death of the inheritor.<\/p>\n\t\t\t<\/div>\n<\/div><div class=\"vc_empty_space\"   style=\"height: 58px\"><span class=\"vc_empty_space_inner\"><\/span><\/div><\/div><\/div><\/div><div class=\"wpb_column vc_column_container vc_col-sm-6 vc_col-lg-3 vc_col-md-5\"><div class=\"vc_column-inner\"><div class=\"wpb_wrapper\"><div class=\"mkdf-iwt clearfix  mkdf-iwt-icon-top mkdf-iwt-icon-medium\">\n\t<div class=\"mkdf-iwt-icon\">\n\t\t\t\t\t    <span class=\"mkdf-icon-shortcode mkdf-normal    mkdf-icon-medium\"  >\n        <span class=\"mkdf-icon-bckg-holder\" ><\/span>\n                    <i class=\"mkdf-icon-linea-icon icon-basic-clessidre mkdf-icon-element\" style=\"font-size:55px\" ><\/i>                    <\/span>\n\t\t\t<\/div>\n\t<div class=\"mkdf-iwt-content\" >\n\t\t\t\t\t<h5 class=\"mkdf-iwt-title\" style=\"color: #aa9166;margin-top: 9px\">\n\t\t\t\t\t\t\t\t<span class=\"mkdf-iwt-title-text\">Criminal law<\/span>\n\t\t\t\t\t\t\t<\/h5>\n\t\t\t\t\t\t\t<p class=\"mkdf-iwt-text\" >Criminal law is a branch of law that is carried out in order to ensure social welfare and regulate public life.<\/p>\n\t\t\t<\/div>\n<\/div><div class=\"vc_empty_space\"   style=\"height: 58px\"><span class=\"vc_empty_space_inner\"><\/span><\/div><\/div><\/div><\/div><div class=\"wpb_column vc_column_container vc_col-sm-6 vc_col-lg-offset-0 vc_col-lg-3 vc_col-md-offset-1 vc_col-md-5\"><div class=\"vc_column-inner\"><div class=\"wpb_wrapper\"><div class=\"mkdf-iwt clearfix  mkdf-iwt-icon-top mkdf-iwt-icon-medium\">\n\t<div class=\"mkdf-iwt-icon\">\n\t\t\t\t\t    <span class=\"mkdf-icon-shortcode mkdf-normal    mkdf-icon-medium\"  >\n        <span class=\"mkdf-icon-bckg-holder\" ><\/span>\n                    <i class=\"mkdf-icon-linea-icon icon-basic-book-pencil mkdf-icon-element\" style=\"font-size:55px\" ><\/i>                    <\/span>\n\t\t\t<\/div>\n\t<div class=\"mkdf-iwt-content\" >\n\t\t\t\t\t<h5 class=\"mkdf-iwt-title\" style=\"color: #aa9166;margin-top: 9px\">\n\t\t\t\t\t\t\t\t<span class=\"mkdf-iwt-title-text\">Trademark Patent Law<\/span>\n\t\t\t\t\t\t\t<\/h5>\n\t\t\t\t\t\t\t<p class=\"mkdf-iwt-text\" >Markalar\u0131n, tescil i\u015flemi tamamlanmas\u0131 sonucunda yap\u0131lan ve yap\u0131lmas\u0131 gerek t\u00fcm prosed\u00fcrleri kapsayan hukuk dal\u0131d\u0131r.<\/p>\n\t\t\t<\/div>\n<\/div><div class=\"vc_empty_space\"   style=\"height: 58px\"><span class=\"vc_empty_space_inner\"><\/span><\/div><\/div><\/div><\/div><div class=\"wpb_column vc_column_container vc_col-sm-6 vc_col-lg-3 vc_col-md-5\"><div class=\"vc_column-inner\"><div class=\"wpb_wrapper\"><div class=\"mkdf-iwt clearfix  mkdf-iwt-icon-top mkdf-iwt-icon-medium\">\n\t<div class=\"mkdf-iwt-icon\">\n\t\t\t\t\t    <span class=\"mkdf-icon-shortcode mkdf-normal    mkdf-icon-medium\"  >\n        <span class=\"mkdf-icon-bckg-holder\" ><\/span>\n                    <i class=\"mkdf-icon-linea-icon icon-basic-bookmark mkdf-icon-element\" style=\"font-size:55px\" ><\/i>                    <\/span>\n\t\t\t<\/div>\n\t<div class=\"mkdf-iwt-content\" >\n\t\t\t\t\t<h5 class=\"mkdf-iwt-title\" style=\"color: #aa9166;margin-top: 9px\">\n\t\t\t\t\t\t\t\t<span class=\"mkdf-iwt-title-text\">Personel Data Disputes,VERBIS Registration Processes<\/span>\n\t\t\t\t\t\t\t<\/h5>\n\t\t\t\t\t\t\t<p class=\"mkdf-iwt-text\" >It covers all the practices put into effect by the KVKK and the procedures required during the registration process to VERBIS.<\/p>\n\t\t\t<\/div>\n<\/div><div class=\"vc_empty_space\"   style=\"height: 58px\"><span class=\"vc_empty_space_inner\"><\/span><\/div><\/div><\/div><\/div><\/div><\/div><\/div><div class=\"mkdf-row-grid-section-wrapper\"  ><div class=\"mkdf-row-grid-section\"><div class=\"vc_row wpb_row vc_row-fluid vc_custom_1520428609185\" ><div class=\"wpb_column vc_column_container vc_col-sm-6 vc_col-lg-offset-0 vc_col-lg-3 vc_col-md-offset-1 vc_col-md-5\"><div class=\"vc_column-inner\"><div class=\"wpb_wrapper\"><div class=\"mkdf-iwt clearfix  mkdf-iwt-icon-top mkdf-iwt-icon-medium\">\n\t<div class=\"mkdf-iwt-icon\">\n\t\t\t\t\t    <span class=\"mkdf-icon-shortcode mkdf-normal    mkdf-icon-medium\"  >\n        <span class=\"mkdf-icon-bckg-holder\" ><\/span>\n                    <i class=\"mkdf-icon-ion-icon ion-android-people mkdf-icon-element\" style=\"font-size:55px\" ><\/i>                    <\/span>\n\t\t\t<\/div>\n\t<div class=\"mkdf-iwt-content\" >\n\t\t\t\t\t<h5 class=\"mkdf-iwt-title\" style=\"color: #aa9166;margin-top: 9px\">\n\t\t\t\t\t\t\t\t<span class=\"mkdf-iwt-title-text\">Divorce, Property Sharing Custody Cases<\/span>\n\t\t\t\t\t\t\t<\/h5>\n\t\t\t\t\t\t\t<p class=\"mkdf-iwt-text\" >It covers divorce agreements and lawsuits and all subsequent processes.<\/p>\n\t\t\t<\/div>\n<\/div><div class=\"vc_empty_space\"   style=\"height: 58px\"><span class=\"vc_empty_space_inner\"><\/span><\/div><\/div><\/div><\/div><div class=\"wpb_column vc_column_container vc_col-sm-6 vc_col-lg-3 vc_col-md-5\"><div class=\"vc_column-inner\"><div class=\"wpb_wrapper\"><div class=\"mkdf-iwt clearfix  mkdf-iwt-icon-top mkdf-iwt-icon-medium\">\n\t<div class=\"mkdf-iwt-icon\">\n\t\t\t\t\t    <span class=\"mkdf-icon-shortcode mkdf-normal    mkdf-icon-medium\"  >\n        <span class=\"mkdf-icon-bckg-holder\" ><\/span>\n                    <span aria-hidden=\"true\" class=\"mkdf-icon-font-elegant icon_laptop mkdf-icon-element\" style=\"font-size:55px\" ><\/span>                    <\/span>\n\t\t\t<\/div>\n\t<div class=\"mkdf-iwt-content\" >\n\t\t\t\t\t<h5 class=\"mkdf-iwt-title\" style=\"color: #aa9166;margin-top: 9px\">\n\t\t\t\t\t\t\t\t<span class=\"mkdf-iwt-title-text\">Sports &amp; E-Sports Law<\/span>\n\t\t\t\t\t\t\t<\/h5>\n\t\t\t\t\t\t\t<p class=\"mkdf-iwt-text\" >Sports Law is a branch of law that systematically examines the rules of law related to sports activities and sports organizations. E-sports law is also the branch of law that deals with the legal requirements surrounding e-sports activities today.<\/p>\n\t\t\t<\/div>\n<\/div><div class=\"vc_empty_space\"   style=\"height: 58px\"><span class=\"vc_empty_space_inner\"><\/span><\/div><\/div><\/div><\/div><div class=\"wpb_column vc_column_container vc_col-sm-6 vc_col-lg-offset-0 vc_col-lg-3 vc_col-md-offset-1 vc_col-md-5\"><div class=\"vc_column-inner\"><div class=\"wpb_wrapper\"><div class=\"mkdf-iwt clearfix  mkdf-iwt-icon-top mkdf-iwt-icon-medium\">\n\t<div class=\"mkdf-iwt-icon\">\n\t\t\t\t\t    <span class=\"mkdf-icon-shortcode mkdf-normal    mkdf-icon-medium\"  >\n        <span class=\"mkdf-icon-bckg-holder\" ><\/span>\n                    <i class=\"mkdf-icon-font-awesome fa fa-flag mkdf-icon-element\" style=\"font-size:55px\" ><\/i>                    <\/span>\n\t\t\t<\/div>\n\t<div class=\"mkdf-iwt-content\" >\n\t\t\t\t\t<h5 class=\"mkdf-iwt-title\" style=\"color: #aa9166;margin-top: 9px\">\n\t\t\t\t\t\t\t\t<span class=\"mkdf-iwt-title-text\">Citizenship and Foreigners Law<\/span>\n\t\t\t\t\t\t\t<\/h5>\n\t\t\t\t\t\t\t<p class=\"mkdf-iwt-text\" >Foreigners law, on the other hand, is a branch of law that consists of the legislation that a state or country applies to foreign nationals who come to that country.<\/p>\n\t\t\t<\/div>\n<\/div><div class=\"vc_empty_space\"   style=\"height: 58px\"><span class=\"vc_empty_space_inner\"><\/span><\/div><\/div><\/div><\/div><div class=\"wpb_column vc_column_container vc_col-sm-6 vc_col-lg-3 vc_col-md-5\"><div class=\"vc_column-inner\"><div class=\"wpb_wrapper\"><div class=\"mkdf-iwt clearfix  mkdf-iwt-icon-top mkdf-iwt-icon-medium\">\n\t<div class=\"mkdf-iwt-icon\">\n\t\t\t\t\t    <span class=\"mkdf-icon-shortcode mkdf-normal    mkdf-icon-medium\"  >\n        <span class=\"mkdf-icon-bckg-holder\" ><\/span>\n                    <span aria-hidden=\"true\" class=\"mkdf-icon-font-elegant icon_table mkdf-icon-element\" style=\"font-size:55px\" ><\/span>                    <\/span>\n\t\t\t<\/div>\n\t<div class=\"mkdf-iwt-content\" >\n\t\t\t\t\t<h5 class=\"mkdf-iwt-title\" style=\"color: #aa9166;margin-top: 9px\">\n\t\t\t\t\t\t\t\t<span class=\"mkdf-iwt-title-text\">Administrative law<\/span>\n\t\t\t\t\t\t\t<\/h5>\n\t\t\t\t\t\t\t<p class=\"mkdf-iwt-text\" >It is a branch of law that deals with public administration, the functioning of public institutions and their relations with individuals.<\/p>\n\t\t\t<\/div>\n<\/div><div class=\"vc_empty_space\"   style=\"height: 58px\"><span class=\"vc_empty_space_inner\"><\/span><\/div><\/div><\/div><\/div><\/div><\/div><\/div>","protected":false},"excerpt":{"rendered":"Ticaret &amp; \u015eirketler Hukuku Ticaret ve \u015firketler hukuku, ticari \u015firket ve i\u015fletmelere uygulanacak genel ve \u00f6zel h\u00fck\u00fcmleri d\u00fczenleyen hukuk dal\u0131d\u0131r. Bor\u00e7lar Hukuku Bor\u00e7lar hukuku, bir \u00f6zel hukuk dal\u0131d\u0131r ve e\u015fitler aras\u0131nda meydana gelen ve bor\u00e7 ili\u015fkisi ad\u0131 verilen hukuki ili\u015fkilerin [...]","protected":false},"author":1,"featured_media":0,"parent":0,"menu_order":0,"comment_status":"closed","ping_status":"closed","template":"full-width.php","meta":{"footnotes":""},"class_list":["post-1436","page","type-page","status-publish","hentry"],"_links":{"self":[{"href":"https:\/\/www.fedaisarimustafa.com.tr\/en\/wp-json\/wp\/v2\/pages\/1436","targetHints":{"allow":["GET"]}}],"collection":[{"href":"https:\/\/www.fedaisarimustafa.com.tr\/en\/wp-json\/wp\/v2\/pages"}],"about":[{"href":"https:\/\/www.fedaisarimustafa.com.tr\/en\/wp-json\/wp\/v2\/types\/page"}],"author":[{"embeddable":true,"href":"https:\/\/www.fedaisarimustafa.com.tr\/en\/wp-json\/wp\/v2\/users\/1"}],"replies":[{"embeddable":true,"href":"https:\/\/www.fedaisarimustafa.com.tr\/en\/wp-json\/wp\/v2\/comments?post=1436"}],"version-history":[{"count":37,"href":"https:\/\/www.fedaisarimustafa.com.tr\/en\/wp-json\/wp\/v2\/pages\/1436\/revisions"}],"predecessor-version":[{"id":3936,"href":"https:\/\/www.fedaisarimustafa.com.tr\/en\/wp-json\/wp\/v2\/pages\/1436\/revisions\/3936"}],"wp:attachment":[{"href":"https:\/\/www.fedaisarimustafa.com.tr\/en\/wp-json\/wp\/v2\/media?parent=1436"}],"curies":[{"name":"wp","href":"https:\/\/api.w.org\/{rel}","templated":true}]}}